{"id":209,"date":"2021-03-03T16:07:17","date_gmt":"2021-03-03T16:07:17","guid":{"rendered":"http:\/\/tfogermany.com\/de\/?page_id=209"},"modified":"2021-11-29T07:36:08","modified_gmt":"2021-11-29T07:36:08","slug":"alvin-vtithusa","status":"publish","type":"page","link":"https:\/\/tfogermany.com\/de\/100-grunde\/alvin-vtithusa\/","title":{"rendered":"Alvin Vtithusa"},"content":{"rendered":"\n<div class=\"wp-block-group\"><div class=\"wp-block-group__inner-container is-layout-flow wp-block-group-is-layout-flow\">\n<p class=\"has-text-align-center\"><strong>Personendaten<\/strong><\/p>\n\n\n\n<p><strong>Name<\/strong><br>Alvin Vtithusa<br><br><strong>Geburtsdatum<\/strong><br>2003<br><br><strong>Alter<\/strong><br>4<br><br><strong>Geburtsort<\/strong><br>&#8211;<br><br><strong>Wichtige biografische Angaben<\/strong><br>Alvin Vtithusa war zum Zeitpunkt der Ermordung erst 4 Jahre alt und lebte in der Stadt Padahuththurai im Bezirk Mannar. Dieses Gebiet steht unter tamilischer Verwaltung.<\/p>\n\n\n\n<p class=\"has-text-align-center\"><strong>Vorfall<\/strong><\/p>\n\n\n\n<p><strong>Tag der Ermordung<\/strong><br>02.01.2007<br><br><strong>Ort<\/strong><br>Padahuththurai, Mannar<br><br><strong>Beschreibung<\/strong><br>Am 2. Januar 2007 wurde eine kleine Fischergemeinde in Padahuththurai im Bezirk Mannar von der srilankischen Luftwaffe bombardiert. 15 Zivilisten aus einer Gro\u00dffamilie, darunter sechs Kinder, wurden get\u00f6tet und weitere 35 Zivilisten verletzt. Viele der Verletzten wurden dauerhaft verst\u00fcmmelt. Die Gemeinde besteht aus etwa 40 eng miteinander verbundenen Gro\u00dffamilien. Die meisten von ihnen sind Fl\u00fcchtlinge, die 1995 aus Jaffna vertrieben wurden und beschlossen haben, diesen neuen Ort zu ihrer Heimat zu machen. Der Ort Padahuththurai war ideal f\u00fcr den Fischfang in kleinem Ma\u00dfstab, den die meisten M\u00e4nner der Gemeinde in kleinen Booten betrieben. Eine weitere Anzahl von Familien aus Jaffna schloss sich ihnen 2006 an, als die Todesschwadronen begannen, Menschen zu t\u00f6ten, welche die LTTE in Jaffna unterst\u00fctzt hatten. Am 1. Januar 2007 wurde das neue Jahr von der Gemeinde gefeiert, wie es die meisten Christen auf der Insel tun. Der 2. Januar war ein entspannter Tag und die Gemeinde erwartete die Ankunft einer ihrer Familien, die weggefahren war, um mit anderen Verwandten 10 km entfernt das Neujahr zu feiern. Zwei Stunden lang h\u00f6rten sie das Dr\u00f6hnen des \u00fcblichen Spionageflugzeugs, das sie beunruhigte, aber das war \u00fcblich. Es gab kein Ger\u00e4usch eines Bombers, das sie in Unsicherheit h\u00e4tte bringen k\u00f6nnen. Um 9.35 Uhr kamen der sehnlichst erwartete Kuhan und seine Familie zu Fu\u00df von der etwas weiter entfernten Bushaltestelle. Der gesamte Clan, vor allem die Kinder, unter ihnen Alvin Vtithusa, rannten ihnen zur Begr\u00fc\u00dfung entgegen. Das war die letzte angenehme Erinnerung an die Gemeinschaft. Einige der M\u00e4nner waren an diesem Morgen fr\u00fch ans Meer gefahren und sahen ihre H\u00e4user sp\u00e4ter in Flammen stehen. Sie wussten sofort, was passiert ist und eilten zur\u00fcck.<br><br><strong>Juristische Lage<\/strong><br>Niemand wurde jemals zur Rechenschaft gezogen und es gab auch keine Strafverfahren vor Gericht. Die sri-lankischen Offiziere, die das Kommando hatten sowie die verantwortlichen Soldaten sind bis heute nicht verurteilt worden.<\/p>\n<\/div><\/div>\n\n\n\n<p><\/p>\n","protected":false},"excerpt":{"rendered":"<p>Personendaten NameAlvin Vtithusa Geburtsdatum2003 Alter4 Geburtsort&#8211; Wichtige biografische AngabenAlvin Vtithusa war zum Zeitpunkt der Ermordung erst 4 Jahre alt und lebte in der Stadt Padahuththurai im Bezirk Mannar. Dieses Gebiet steht unter tamilischer Verwaltung. Vorfall Tag der Ermordung02.01.2007 OrtPadahuththurai, Mannar BeschreibungAm 2. Januar 2007 wurde eine kleine Fischergemeinde in Padahuththurai im Bezirk Mannar von der &hellip; <\/p>\n","protected":false},"author":1,"featured_media":210,"parent":8,"menu_order":0,"comment_status":"closed","ping_status":"closed","template":"","meta":{"ngg_post_thumbnail":0,"footnotes":""},"_links":{"self":[{"href":"https:\/\/tfogermany.com\/de\/wp-json\/wp\/v2\/pages\/209"}],"collection":[{"href":"https:\/\/tfogermany.com\/de\/wp-json\/wp\/v2\/pages"}],"about":[{"href":"https:\/\/tfogermany.com\/de\/wp-json\/wp\/v2\/types\/page"}],"author":[{"embeddable":true,"href":"https:\/\/tfogermany.com\/de\/wp-json\/wp\/v2\/users\/1"}],"replies":[{"embeddable":true,"href":"https:\/\/tfogermany.com\/de\/wp-json\/wp\/v2\/comments?post=209"}],"version-history":[{"count":2,"href":"https:\/\/tfogermany.com\/de\/wp-json\/wp\/v2\/pages\/209\/revisions"}],"predecessor-version":[{"id":391,"href":"https:\/\/tfogermany.com\/de\/wp-json\/wp\/v2\/pages\/209\/revisions\/391"}],"up":[{"embeddable":true,"href":"https:\/\/tfogermany.com\/de\/wp-json\/wp\/v2\/pages\/8"}],"wp:featuredmedia":[{"embeddable":true,"href":"https:\/\/tfogermany.com\/de\/wp-json\/wp\/v2\/media\/210"}],"wp:attachment":[{"href":"https:\/\/tfogermany.com\/de\/wp-json\/wp\/v2\/media?parent=209"}],"curies":[{"name":"wp","href":"https:\/\/api.w.org\/{rel}","templated":true}]}}