{"id":206,"date":"2021-03-03T16:05:34","date_gmt":"2021-03-03T16:05:34","guid":{"rendered":"http:\/\/tfogermany.com\/de\/?page_id=206"},"modified":"2021-11-29T12:10:08","modified_gmt":"2021-11-29T12:10:08","slug":"ratnam-saraswathy","status":"publish","type":"page","link":"https:\/\/tfogermany.com\/de\/100-grunde\/ratnam-saraswathy\/","title":{"rendered":"Ratnam Saraswathy"},"content":{"rendered":"\n<div class=\"wp-block-group\"><div class=\"wp-block-group__inner-container is-layout-flow wp-block-group-is-layout-flow\">\n<p class=\"has-text-align-center\"><strong>Personendaten<\/strong><\/p>\n\n\n\n<p><strong>Name<\/strong><br>Ratnam Saraswathy<br><br><strong>Geburtsdatum<\/strong><br>1946<br><br><strong>Alter<\/strong><br>60<br><br><strong>Geburtsort<\/strong><br>&#8211;<br><br><strong>Wichtige biografische Angaben<\/strong><br>Ratnam Saraswathy war zum Zeitpunkt ihrer Ermordung 60 Jahre alt und lebte im Bezirk Kilinochchi. Dieses Gebiet steht unter tamilischer Verwaltung.<\/p>\n\n\n\n<p class=\"has-text-align-center\"><strong>Vorfall<\/strong><\/p>\n\n\n\n<p><strong>Tag der Ermordung<\/strong><br>02.11.2006<br><br><strong>Ort<\/strong><br>Kilinochchi<br><br><strong>Beschreibung<\/strong><br>In dem schlecht ausgestatteten Gesundheitswesen im Vanni-Gebiet ist das Kilinochchi Distriktkrankenhaus das einzige mit einigen modernen Einrichtungen. Im Jahr 1998 wurde es ausgebombt und zerst\u00f6rt. Das Krankenhaus wurde schlie\u00dflich wiederaufgebaut und 2005 an einem neuen Standort er\u00f6ffnet. Am 2. November 2006 bombardierte die srilankischen Luftwaffe erneut das Gel\u00e4nde des neu errichteten Kilinochchi Krankenhauses. Sechzehn Bomben wurden abgeworfen und f\u00fcnfzehn davon explodierten. Ein Haus hinter dem Krankenhaus wurde zerst\u00f6rt. F\u00fcnf Zivilisten in dem Haus, darunter zwei Studenten des Kilinochchi Central College, wurden get\u00f6tet. Das Kilinochchi Bezirkskrankenhaus wurde besch\u00e4digt. Drei Krankenhausmitarbeiter und drei Patienten wurden ebenfalls verletzt. Die Dachdecke des Krankenhauses st\u00fcrzte ein. Schrapnelle wurden in viele Stationen des Krankenhauses gestreut, darunter auch in die Entbindungsstationen. Die Bombardierung zwang die Patienten, mitten in der Behandlung in Panik aus dem Krankenhaus zu rennen. Dreihundert station\u00e4re und 700 ambulante Patienten verstreuten sich in Panik. Unter ihnen befanden sich Neugeborene und M\u00fctter, die sie gerade entbunden hatten. Da es Schulschluss war, schrien und rannten auch Schulkinder in Panik. Die Sri Lanka Monitoring Mission (SLMM) und das Internationale Komitee vom Roten Kreuz (IKRK) besichtigten die Toten, Verletzten und die Sch\u00e4den am Krankenhaus. Ratnam Saraswathy war eines der Opfer.<br><br><strong>Juristische Lage<\/strong><br>Niemand wurde jemals zur Rechenschaft gezogen und es gab auch keine Strafverfahren vor Gericht. Die sri-lankischen Offiziere, die das Kommando hatten, und die verantwortlichen Soldaten sind bis heute nicht verurteilt worden.<\/p>\n<\/div><\/div>\n\n\n\n<p><\/p>\n","protected":false},"excerpt":{"rendered":"<p>Personendaten NameRatnam Saraswathy Geburtsdatum1946 Alter60 Geburtsort&#8211; Wichtige biografische AngabenRatnam Saraswathy war zum Zeitpunkt ihrer Ermordung 60 Jahre alt und lebte im Bezirk Kilinochchi. Dieses Gebiet steht unter tamilischer Verwaltung. Vorfall Tag der Ermordung02.11.2006 OrtKilinochchi BeschreibungIn dem schlecht ausgestatteten Gesundheitswesen im Vanni-Gebiet ist das Kilinochchi Distriktkrankenhaus das einzige mit einigen modernen Einrichtungen. Im Jahr 1998 wurde &hellip; <\/p>\n","protected":false},"author":1,"featured_media":207,"parent":8,"menu_order":0,"comment_status":"closed","ping_status":"closed","template":"","meta":{"ngg_post_thumbnail":0,"footnotes":""},"_links":{"self":[{"href":"https:\/\/tfogermany.com\/de\/wp-json\/wp\/v2\/pages\/206"}],"collection":[{"href":"https:\/\/tfogermany.com\/de\/wp-json\/wp\/v2\/pages"}],"about":[{"href":"https:\/\/tfogermany.com\/de\/wp-json\/wp\/v2\/types\/page"}],"author":[{"embeddable":true,"href":"https:\/\/tfogermany.com\/de\/wp-json\/wp\/v2\/users\/1"}],"replies":[{"embeddable":true,"href":"https:\/\/tfogermany.com\/de\/wp-json\/wp\/v2\/comments?post=206"}],"version-history":[{"count":2,"href":"https:\/\/tfogermany.com\/de\/wp-json\/wp\/v2\/pages\/206\/revisions"}],"predecessor-version":[{"id":497,"href":"https:\/\/tfogermany.com\/de\/wp-json\/wp\/v2\/pages\/206\/revisions\/497"}],"up":[{"embeddable":true,"href":"https:\/\/tfogermany.com\/de\/wp-json\/wp\/v2\/pages\/8"}],"wp:featuredmedia":[{"embeddable":true,"href":"https:\/\/tfogermany.com\/de\/wp-json\/wp\/v2\/media\/207"}],"wp:attachment":[{"href":"https:\/\/tfogermany.com\/de\/wp-json\/wp\/v2\/media?parent=206"}],"curies":[{"name":"wp","href":"https:\/\/api.w.org\/{rel}","templated":true}]}}