{"id":204,"date":"2021-03-03T16:03:17","date_gmt":"2021-03-03T16:03:17","guid":{"rendered":"http:\/\/tfogermany.com\/de\/?page_id=204"},"modified":"2021-11-29T08:19:48","modified_gmt":"2021-11-29T08:19:48","slug":"k-mary-manjula","status":"publish","type":"page","link":"https:\/\/tfogermany.com\/de\/100-grunde\/k-mary-manjula\/","title":{"rendered":"K Mary Manjula"},"content":{"rendered":"\n<div class=\"wp-block-group\"><div class=\"wp-block-group__inner-container is-layout-flow wp-block-group-is-layout-flow\">\n<p class=\"has-text-align-center\"><strong>Personendaten<\/strong><\/p>\n\n\n\n<p><strong>Name<\/strong><br>K Mary Manjula<br><br><strong>Geburtsdatum<\/strong><br>1961<br><br><strong>Alter<\/strong><br>45<br><br><strong>Geburtsort<\/strong><br>&#8211;<br><br><strong>Wichtige biografische Angaben<\/strong><br>K Mary Manjula war zum Zeitpunkt ihrer Ermordung 45 Jahre alt und lebte in der Stadt Allaipiddy im Bezirk Jaffna. Dieses Gebiet steht unter tamilischer Verwaltung.<\/p>\n\n\n\n<p class=\"has-text-align-center\"><strong>Vorfall<\/strong><\/p>\n\n\n\n<p><strong>Tag der Ermordung<\/strong><br>13.08.2006<br><br><strong>Ort<\/strong><br>Allaipiddy, Jaffna<br><br><strong>Beschreibung<\/strong><br>Allaipiddy ist eine der Inseln vor der K\u00fcste von Jaffna. Nach Zusammenst\u00f6\u00dfen zwischen dem srilankischen Milit\u00e4r und der LTTE in der N\u00e4he von Allaipiddy feuerte das sri-lankische Milit\u00e4r wahllos in Richtung der PhilipNeri-Kirche, in die sich Menschen gefl\u00fcchtet hatten. Die Soldaten der Sri Lanka Navy ermordeten, folterten oder verst\u00fcmmelten Leichen vor oder nach der T\u00f6tung von 43 tamilischen Zivilisten in Gebieten von Allaipiddy. 7 tamilische Leichen wurden verst\u00fcmmelt, nachdem sie durch Artilleriefeuer der Sri Lanka Navy ermordet worden waren. Zu den unschuldigen Mordopfern geh\u00f6rte K. Mary Manjula.<\/p>\n\n\n\n<p>Ein junges M\u00e4dchen, das anonym bleiben m\u00f6chte, schrieb sp\u00e4ter \u00fcber ihre Erfahrungen, die sie bei diesem Beschuss gemacht hat. Ihr zufolge f\u00fchlten sie sich gefangen, als der Beschuss um sie herum passierte. Sie suchten Schutz in der Philip-Neri-Kirche. Dann kam die sri-lankische Armee zur Kirche und versprach, die Leute nach Jaffna zu bringen. Was die sri-Lankische Armee wirklich tat, war, die<\/p>\n\n\n\n<p>Zivilisten als Schutzschilder zu benutzen und sobald sie sich ihrem eigenen Lager n\u00e4herten, die Menschen im Stich zu lassen, die den Granaten ausweichen und ihren Weg zur\u00fcck zur Kirche finden mussten. Die sri-lankische Armee wiederholte dies ein paar Mal, bevor die Leute merkten, was sie eigentlich taten. Ein paar Stunden sp\u00e4ter kamen Granaten direkt auf die Kirche zu. Es gab auch Feuer von den Kanonenbooten der Sri Lanka Navy. Viele Menschen waren inzwischen tot. Kinder verloren ihre Eltern.<br><br><strong>Juristische Lage<\/strong><br>Niemand wurde jemals zur Rechenschaft gezogen und es gab kein Strafverfahren vor Gericht. Die srilankischen Offiziere, die das Kommando hatten, und die verantwortlichen Soldaten sind bis heute nicht verurteilt worden.<\/p>\n<\/div><\/div>\n\n\n\n<p><\/p>\n","protected":false},"excerpt":{"rendered":"<p>Personendaten NameK Mary Manjula Geburtsdatum1961 Alter45 Geburtsort&#8211; Wichtige biografische AngabenK Mary Manjula war zum Zeitpunkt ihrer Ermordung 45 Jahre alt und lebte in der Stadt Allaipiddy im Bezirk Jaffna. Dieses Gebiet steht unter tamilischer Verwaltung. Vorfall Tag der Ermordung13.08.2006 OrtAllaipiddy, Jaffna BeschreibungAllaipiddy ist eine der Inseln vor der K\u00fcste von Jaffna. Nach Zusammenst\u00f6\u00dfen zwischen dem &hellip; <\/p>\n","protected":false},"author":1,"featured_media":76,"parent":8,"menu_order":0,"comment_status":"closed","ping_status":"closed","template":"","meta":{"ngg_post_thumbnail":0,"footnotes":""},"_links":{"self":[{"href":"https:\/\/tfogermany.com\/de\/wp-json\/wp\/v2\/pages\/204"}],"collection":[{"href":"https:\/\/tfogermany.com\/de\/wp-json\/wp\/v2\/pages"}],"about":[{"href":"https:\/\/tfogermany.com\/de\/wp-json\/wp\/v2\/types\/page"}],"author":[{"embeddable":true,"href":"https:\/\/tfogermany.com\/de\/wp-json\/wp\/v2\/users\/1"}],"replies":[{"embeddable":true,"href":"https:\/\/tfogermany.com\/de\/wp-json\/wp\/v2\/comments?post=204"}],"version-history":[{"count":2,"href":"https:\/\/tfogermany.com\/de\/wp-json\/wp\/v2\/pages\/204\/revisions"}],"predecessor-version":[{"id":416,"href":"https:\/\/tfogermany.com\/de\/wp-json\/wp\/v2\/pages\/204\/revisions\/416"}],"up":[{"embeddable":true,"href":"https:\/\/tfogermany.com\/de\/wp-json\/wp\/v2\/pages\/8"}],"wp:featuredmedia":[{"embeddable":true,"href":"https:\/\/tfogermany.com\/de\/wp-json\/wp\/v2\/media\/76"}],"wp:attachment":[{"href":"https:\/\/tfogermany.com\/de\/wp-json\/wp\/v2\/media?parent=204"}],"curies":[{"name":"wp","href":"https:\/\/api.w.org\/{rel}","templated":true}]}}