{"id":199,"date":"2021-03-03T15:58:22","date_gmt":"2021-03-03T15:58:22","guid":{"rendered":"http:\/\/tfogermany.com\/de\/?page_id=199"},"modified":"2021-11-29T12:04:41","modified_gmt":"2021-11-29T12:04:41","slug":"yogampikai-ananthasamy","status":"publish","type":"page","link":"https:\/\/tfogermany.com\/de\/100-grunde\/yogampikai-ananthasamy\/","title":{"rendered":"Yogampikai Ananthasamy"},"content":{"rendered":"\n<div class=\"wp-block-group\"><div class=\"wp-block-group__inner-container is-layout-flow wp-block-group-is-layout-flow\">\n<p class=\"has-text-align-center\"><strong>Personendaten<\/strong><\/p>\n\n\n\n<p><strong>Name<\/strong><br>Yogampikai Ananthasamy<br><br><strong>Geburtsdatum<\/strong><br>13.05.1961<br><br><strong>Alter<\/strong><br>48<br><br><strong>Geburtsort<\/strong><br>Polikandy, Jaffna<br><br><strong>Wichtige biografische Angaben<\/strong><br>Frau Yogampikai Ananthasamy war zum Zeitpunkt ihrer Ermordung 48 Jahre alt und lebte in der Stadt Iranapalai im Distrikt Mullaitivu. Dieses Gebiet steht unter tamilischer Verwaltung.<\/p>\n\n\n\n<p class=\"has-text-align-center\"><strong>Vorfall<\/strong><\/p>\n\n\n\n<p><strong>Tag der Ermordung<\/strong><br>09.02.2009<br><br><strong>Ort<\/strong><br>Iranapalai, Mullaitivu<br><br><strong>Beschreibung<\/strong><br>Seit September 2008 hat die srilankische Regierung allen unabh\u00e4ngigen Beobachtern, humanit\u00e4ren Helfern einschlie\u00dflich der UN und den Medien den Zugang zum Kampfgebiet (Vanni) untersagt und das Kampfgebiet (Vanni) systematisch von der Au\u00dfenwelt isoliert, um einen v\u00f6lkerm\u00f6rderischen Krieg ohne jegliche Zeugen zu f\u00fchren.<\/p>\n\n\n\n<p>Yogampikai Ananthasamy ist unter den 20.000 identifizierten F\u00e4llen, die den sri-lankischen Streitkr\u00e4ften zum Opfer fielen. Sie wurde bei einem Bombenangriff in der &#8220;Safe &#8211; Zone&#8221; von der sri-lankischen Luftwaffe in der Stadt &#8220;Iranapalai&#8221; in Mullaitivu angegriffen und get\u00f6tet. Die sri-lankische Luftwaffe unterscheidet nicht zwischen milit\u00e4rischen Zielen und Zivilisten. Bei vielen der Luftangriffe wurden ge\u00e4chtete Munition eingesetzt, wie z.B. Streubomben und Phosphorbomben. Der Angriff und die T\u00f6tung von tamilischen Zivilisten wurde zun\u00e4chst von der Luftwaffe durchgef\u00fchrt und dann von den sri-lankischen Bodentruppen mit Artilleriegranaten fortgesetzt. Der Oberbefehlshaber dieser Streitkr\u00e4fte war zu dieser Zeit Herr Gotabaya Rajapaksa. Er ist derzeit der Pr\u00e4sident von Sri Lanka.<br><br><strong>Juristische Lage<\/strong><br>Niemand wurde jemals zur Rechenschaft gezogen und es gab auch keine Strafverfahren vor Gericht. Die sri-lankischen Offiziere, die das Kommando hatten, und die verantwortlichen Soldaten sind bis heute nicht verurteilt worden.<\/p>\n<\/div><\/div>\n\n\n\n<p><\/p>\n","protected":false},"excerpt":{"rendered":"<p>Personendaten NameYogampikai Ananthasamy Geburtsdatum13.05.1961 Alter48 GeburtsortPolikandy, Jaffna Wichtige biografische AngabenFrau Yogampikai Ananthasamy war zum Zeitpunkt ihrer Ermordung 48 Jahre alt und lebte in der Stadt Iranapalai im Distrikt Mullaitivu. Dieses Gebiet steht unter tamilischer Verwaltung. Vorfall Tag der Ermordung09.02.2009 OrtIranapalai, Mullaitivu BeschreibungSeit September 2008 hat die srilankische Regierung allen unabh\u00e4ngigen Beobachtern, humanit\u00e4ren Helfern einschlie\u00dflich der &hellip; <\/p>\n","protected":false},"author":1,"featured_media":200,"parent":8,"menu_order":0,"comment_status":"closed","ping_status":"closed","template":"","meta":{"ngg_post_thumbnail":0,"footnotes":""},"_links":{"self":[{"href":"https:\/\/tfogermany.com\/de\/wp-json\/wp\/v2\/pages\/199"}],"collection":[{"href":"https:\/\/tfogermany.com\/de\/wp-json\/wp\/v2\/pages"}],"about":[{"href":"https:\/\/tfogermany.com\/de\/wp-json\/wp\/v2\/types\/page"}],"author":[{"embeddable":true,"href":"https:\/\/tfogermany.com\/de\/wp-json\/wp\/v2\/users\/1"}],"replies":[{"embeddable":true,"href":"https:\/\/tfogermany.com\/de\/wp-json\/wp\/v2\/comments?post=199"}],"version-history":[{"count":2,"href":"https:\/\/tfogermany.com\/de\/wp-json\/wp\/v2\/pages\/199\/revisions"}],"predecessor-version":[{"id":493,"href":"https:\/\/tfogermany.com\/de\/wp-json\/wp\/v2\/pages\/199\/revisions\/493"}],"up":[{"embeddable":true,"href":"https:\/\/tfogermany.com\/de\/wp-json\/wp\/v2\/pages\/8"}],"wp:featuredmedia":[{"embeddable":true,"href":"https:\/\/tfogermany.com\/de\/wp-json\/wp\/v2\/media\/200"}],"wp:attachment":[{"href":"https:\/\/tfogermany.com\/de\/wp-json\/wp\/v2\/media?parent=199"}],"curies":[{"name":"wp","href":"https:\/\/api.w.org\/{rel}","templated":true}]}}