{"id":190,"date":"2021-03-03T15:50:19","date_gmt":"2021-03-03T15:50:19","guid":{"rendered":"http:\/\/tfogermany.com\/de\/?page_id=190"},"modified":"2021-11-29T11:21:23","modified_gmt":"2021-11-29T11:21:23","slug":"mary-madeleine-known-as-chitra","status":"publish","type":"page","link":"https:\/\/tfogermany.com\/de\/100-grunde\/mary-madeleine-known-as-chitra\/","title":{"rendered":"Mary Madeleine (known as Chitra)"},"content":{"rendered":"\n<div class=\"wp-block-group\"><div class=\"wp-block-group__inner-container is-layout-flow wp-block-group-is-layout-flow\">\n<p class=\"has-text-align-center\"><strong>Personendaten<\/strong><\/p>\n\n\n\n<p><strong>Name<\/strong><br>Mary Madeleine (known as Chitra)<br><br><strong>Geburtsdatum<\/strong><br>1979<br><br><strong>Alter<\/strong><br>27<br><br><strong>Geburtsort<\/strong><br>Vankalai, Mannar<br><br><strong>Wichtige biografische Angaben<\/strong><br>Vankalai ist ein \u00fcberwiegend von Fischerei und Landwirtschaft gepr\u00e4gtes Dorf. Neben Fischerei und Landwirtschaft gibt es auch eine Bildungs- und berufliche Tradition. Es gibt eine beachtliche Anzahl von Lehrern, Regierungsbeamten, Geistlichen und Fachleuten aus der Gegend.<\/p>\n\n\n\n<p>Im Jahr 1985 wurden der katholische Priester P. Mary Bastian, der selbst aus Vankalai stammte und etwa zwanzig andere von den Sicherheitskr\u00e4ften ermordet. In den folgenden Jahren wurden auch ein bedeutender Schuldirektor aus Vankalai und einige andere von Sicherheitskr\u00e4ften get\u00f6tet und in einem Brunnen geworfen. Es gab auch viele andere kleinere Vorf\u00e4lle. Der Terror zwang viele Bewohner aus Vankalai, in andere Orte auf der Insel umzusiedeln, nach Indien \u00fcberzusiedeln oder ins westliche Ausland zu gehen. Die Waffenruhe, die am 23. Februar 2002 in Kraft trat, gab den Menschen eine dringend ben\u00f6tigte Atempause von der Gewalt. Vankalai begann zu gedeihen. Viele Fl\u00fcchtlinge aus Indien begannen langsam zur\u00fcckzukehren. Das Leben bl\u00fchte wieder auf. Die Opfer dieses Vankalai-Massakers am 08.06.2006 waren Mitglieder einer solchen Familie, die aus Indien zur\u00fcckkehrte.<\/p>\n\n\n\n<p>Madeleine, auch Chitra genannt, stammte aus Vankalai und hatte dort viele nahe Verwandte. Ihr Ehemann Martin war nicht aus Vankalai. Er stammte aus Vidathal theevu. Er hatte Mary Madeleine geheiratet und sich in Vankalai niedergelassen. Beide Kinder hatten den Namen Anne erhalten, weil die St. Annes Kirche in Vankalai die Familienkirche war. Martin war von Beruf Schreiner.<\/p>\n\n\n\n<p class=\"has-text-align-center\"><strong>Vorfall<\/strong><\/p>\n\n\n\n<p><strong>Tag der Ermordung<\/strong><br>08.06.2006<br><br><strong>Ort<\/strong><br>Vankalai, Mannar<br><br><strong>Beschreibung<\/strong><br>Chitra-Mary Madeleine war 27 Jahre alt, ihr Mann war der 38-j\u00e4hrige Sinnaiah Moorthy Martin, ihre Tochter war die 9-j\u00e4hrige Anne Lakshika und ihr Sohn war die 7-j\u00e4hrige Anne Dilakshan.<\/p>\n\n\n\n<p>Mary Madeleine lag tot auf dem Boden, in einer Blutlache. Es gab Anzeichen daf\u00fcr, dass sie brutal sexuell missbraucht worden war. Die Leichen von Martin und den Kindern waren im Zimmer aufgeh\u00e4ngt. Sie waren gefoltert, geschlagen und zu Tode gehackt worden. Im Haus befindliche Seilst\u00fccke wurden zum Aufh\u00e4ngen der Leichen verwendet. Die Eingeweide des Jungen ragten heraus. Die Bereiche um die Vagina des M\u00e4dchens waren purpurrot voller Blut. Es wurde bef\u00fcrchtet, dass auch sie vergewaltigt worden war.<\/p>\n\n\n\n<p>Auch Martins Handwerkswerkzeuge wie der &#8220;uli&#8221; oder Mei\u00dfel waren benutzt worden, um die Opfer zu stechen, um sie zu schneiden und zu foltern. Au\u00dferdem wurden auch schwerere und sch\u00e4rfere Waffen wie Messer oder Bajonette verwendet, um die Opfer zu zerhacken. Schusswaffen wurden nicht benutzt. Die kaltbl\u00fctige Barbarei einer brutalen Natur spottet jeder Beschreibung. Nur von abgrundtiefem Hass getriebene Menschen, konnten solche abscheulichen Grausamkeiten ver\u00fcben. Die Leichen wurden am Freitagmorgen gegen 5.30 Uhr von Anwohnern der Gegend entdeckt, wie die Polizei mitteilte.<br><br><strong>Juristische Lage<\/strong><br>Der Sprecher des Verteidigungsministeriums, Brig. Prasad Samarasinghe, bestritt auf Nachfrage der Medien, dass die Armee verantwortlich sei. <\/p>\n\n\n\n<p>Der ewige Kreislauf der Gewalt setzt sich in Sri Lanka fort. Die von der LTTE begangene Gewalt wird von den Beh\u00f6rden, den Medien und der internationalen Gemeinschaft pflichtbewusst registriert und als Terrorismus gebrandmarkt. Die Gewalt, die vom Staat und seinen offiziellen und inoffiziellen Organisationen ver\u00fcbt wird, wird nicht in gleicher Weise verurteilt. Solange das singhalesische Volk, die verantwortlichen Teile der Medien und die internationale Gemeinschaft nicht erkennen, dass das Rajapaksa-Regime unverf\u00e4lschten Staatsterror auf unschuldige tamilische Zivilisten aus\u00fcbt, scheint kein Ende absehbar zu sein. Vom Bindunuwewa-Massaker bis zu dieser Vankalai-Gewalt sind die Verantwortlichen davongekommen und werden davonkommen. Das ist die Vergangenheit und die Gegenwart, die tamilische zivile Opfer erleben.<\/p>\n<\/div><\/div>\n\n\n\n<p><\/p>\n","protected":false},"excerpt":{"rendered":"<p>Personendaten NameMary Madeleine (known as Chitra) Geburtsdatum1979 Alter27 GeburtsortVankalai, Mannar Wichtige biografische AngabenVankalai ist ein \u00fcberwiegend von Fischerei und Landwirtschaft gepr\u00e4gtes Dorf. Neben Fischerei und Landwirtschaft gibt es auch eine Bildungs- und berufliche Tradition. Es gibt eine beachtliche Anzahl von Lehrern, Regierungsbeamten, Geistlichen und Fachleuten aus der Gegend. Im Jahr 1985 wurden der katholische Priester &hellip; <\/p>\n","protected":false},"author":1,"featured_media":192,"parent":8,"menu_order":0,"comment_status":"closed","ping_status":"closed","template":"","meta":{"ngg_post_thumbnail":0,"footnotes":""},"_links":{"self":[{"href":"https:\/\/tfogermany.com\/de\/wp-json\/wp\/v2\/pages\/190"}],"collection":[{"href":"https:\/\/tfogermany.com\/de\/wp-json\/wp\/v2\/pages"}],"about":[{"href":"https:\/\/tfogermany.com\/de\/wp-json\/wp\/v2\/types\/page"}],"author":[{"embeddable":true,"href":"https:\/\/tfogermany.com\/de\/wp-json\/wp\/v2\/users\/1"}],"replies":[{"embeddable":true,"href":"https:\/\/tfogermany.com\/de\/wp-json\/wp\/v2\/comments?post=190"}],"version-history":[{"count":2,"href":"https:\/\/tfogermany.com\/de\/wp-json\/wp\/v2\/pages\/190\/revisions"}],"predecessor-version":[{"id":465,"href":"https:\/\/tfogermany.com\/de\/wp-json\/wp\/v2\/pages\/190\/revisions\/465"}],"up":[{"embeddable":true,"href":"https:\/\/tfogermany.com\/de\/wp-json\/wp\/v2\/pages\/8"}],"wp:featuredmedia":[{"embeddable":true,"href":"https:\/\/tfogermany.com\/de\/wp-json\/wp\/v2\/media\/192"}],"wp:attachment":[{"href":"https:\/\/tfogermany.com\/de\/wp-json\/wp\/v2\/media?parent=190"}],"curies":[{"name":"wp","href":"https:\/\/api.w.org\/{rel}","templated":true}]}}