{"id":164,"date":"2021-03-03T15:25:13","date_gmt":"2021-03-03T15:25:13","guid":{"rendered":"http:\/\/tfogermany.com\/de\/?page_id=164"},"modified":"2021-11-29T10:00:14","modified_gmt":"2021-11-29T10:00:14","slug":"lakiya-thambirasa","status":"publish","type":"page","link":"https:\/\/tfogermany.com\/de\/100-grunde\/lakiya-thambirasa\/","title":{"rendered":"Lakiya Thambirasa"},"content":{"rendered":"\n<div class=\"wp-block-group\"><div class=\"wp-block-group__inner-container is-layout-flow wp-block-group-is-layout-flow\">\n<p class=\"has-text-align-center\"><strong>Personendaten<\/strong><\/p>\n\n\n\n<p><strong>Name<\/strong><br>Lakiya Thambirasa<br><br><strong>Geburtsdatum<\/strong><br>26.03.1989<br><br><strong>Alter<\/strong><br>17<br><br><strong>Geburtsort<\/strong><br>Mullivaikal<br><br><strong>Wichtige biografische Angaben<\/strong><br>Lakiya Thambirasa war Sch\u00fclerin an der &#8216;Puthukkudiyiruppu Mahavidhyalayam&#8217; Schule.<\/p>\n\n\n\n<p class=\"has-text-align-center\"><strong>Vorfall<\/strong><\/p>\n\n\n\n<p><strong>Tag der Ermordung<\/strong><br>14.08.2006<br><br><strong>Ort<\/strong><br>Vallipunam, Mullaithivu<br><br><strong>Beschreibung<\/strong><br>Lakiya wurde durch einen SLAF-Luftangriff auf das Weisenheim in Vallipunam Mullaithivu ermordet.<\/p>\n\n\n\n<p>Am 14. August, 2006 sind 62 Menschen, darunter 52 tamilische Sch\u00fclerinnen bei einem bewussten Luftangriff des srilankischen Milit\u00e4rs ums Leben gekommen. Mit vier srilankischen Luftstreitkr\u00e4ften, attackierte das singhalesische Milit\u00e4r mit 16 Bombenangriffen das Waisenheim Sencholai.<br><br><strong>Juristische Lage<\/strong><br>&#8211;<\/p>\n<\/div><\/div>\n\n\n\n<p><\/p>\n","protected":false},"excerpt":{"rendered":"<p>Personendaten NameLakiya Thambirasa Geburtsdatum26.03.1989 Alter17 GeburtsortMullivaikal Wichtige biografische AngabenLakiya Thambirasa war Sch\u00fclerin an der &#8216;Puthukkudiyiruppu Mahavidhyalayam&#8217; Schule. Vorfall Tag der Ermordung14.08.2006 OrtVallipunam, Mullaithivu BeschreibungLakiya wurde durch einen SLAF-Luftangriff auf das Weisenheim in Vallipunam Mullaithivu ermordet. Am 14. August, 2006 sind 62 Menschen, darunter 52 tamilische Sch\u00fclerinnen bei einem bewussten Luftangriff des srilankischen Milit\u00e4rs ums Leben &hellip; <\/p>\n","protected":false},"author":1,"featured_media":165,"parent":8,"menu_order":0,"comment_status":"closed","ping_status":"closed","template":"","meta":{"ngg_post_thumbnail":0,"footnotes":""},"_links":{"self":[{"href":"https:\/\/tfogermany.com\/de\/wp-json\/wp\/v2\/pages\/164"}],"collection":[{"href":"https:\/\/tfogermany.com\/de\/wp-json\/wp\/v2\/pages"}],"about":[{"href":"https:\/\/tfogermany.com\/de\/wp-json\/wp\/v2\/types\/page"}],"author":[{"embeddable":true,"href":"https:\/\/tfogermany.com\/de\/wp-json\/wp\/v2\/users\/1"}],"replies":[{"embeddable":true,"href":"https:\/\/tfogermany.com\/de\/wp-json\/wp\/v2\/comments?post=164"}],"version-history":[{"count":2,"href":"https:\/\/tfogermany.com\/de\/wp-json\/wp\/v2\/pages\/164\/revisions"}],"predecessor-version":[{"id":454,"href":"https:\/\/tfogermany.com\/de\/wp-json\/wp\/v2\/pages\/164\/revisions\/454"}],"up":[{"embeddable":true,"href":"https:\/\/tfogermany.com\/de\/wp-json\/wp\/v2\/pages\/8"}],"wp:featuredmedia":[{"embeddable":true,"href":"https:\/\/tfogermany.com\/de\/wp-json\/wp\/v2\/media\/165"}],"wp:attachment":[{"href":"https:\/\/tfogermany.com\/de\/wp-json\/wp\/v2\/media?parent=164"}],"curies":[{"name":"wp","href":"https:\/\/api.w.org\/{rel}","templated":true}]}}