{"id":162,"date":"2021-03-03T15:20:57","date_gmt":"2021-03-03T15:20:57","guid":{"rendered":"http:\/\/tfogermany.com\/de\/?page_id=162"},"modified":"2021-11-29T09:59:44","modified_gmt":"2021-11-29T09:59:44","slug":"kumutha-mahenthiran","status":"publish","type":"page","link":"https:\/\/tfogermany.com\/de\/100-grunde\/kumutha-mahenthiran\/","title":{"rendered":"Kumutha Mahenthiran"},"content":{"rendered":"\n<div class=\"wp-block-group\"><div class=\"wp-block-group__inner-container is-layout-flow wp-block-group-is-layout-flow\">\n<p class=\"has-text-align-center\"><strong>Personendaten<\/strong><\/p>\n\n\n\n<p><strong>Name<\/strong><br>Kumutha Mahenthiran<br><br><strong>Geburtsdatum<\/strong><br>&#8211;<br><br><strong>Alter<\/strong><br>28<br><br><strong>Geburtsort<\/strong><br>Sinna Urany, Mattakalappu<br><br><strong>Wichtige biografische Angaben<\/strong><br>Kumutha Mahenthiran arbeitete als Angestellte in der Bew\u00e4sserungsabteilung.<\/p>\n\n\n\n<p class=\"has-text-align-center\"><strong>Vorfall<\/strong><\/p>\n\n\n\n<p><strong>Tag der Ermordung<\/strong><br>05.01.2006<br><br><strong>Ort<\/strong><br>Mattakalappu<br><br><strong>Beschreibung<\/strong><br>Kumutha wurde mit schweren Nackenverletzungen tot aufgefunden. Ihre Leiche wurde 50m von der Stra\u00dfe entfernt im Geb\u00fcsch gefunden.<br><br><strong>Juristische Lage<\/strong><br>Die Polizei vermutete, dass Kumutha von Zuhause entf\u00fchrt wurde, bevor sie ermordet wurde. Die Bewohner der Gegend verd\u00e4chtigten die Streitkr\u00e4fte, den Mord begangen zu haben.<\/p>\n<\/div><\/div>\n\n\n\n<p><\/p>\n","protected":false},"excerpt":{"rendered":"<p>Personendaten NameKumutha Mahenthiran Geburtsdatum&#8211; Alter28 GeburtsortSinna Urany, Mattakalappu Wichtige biografische AngabenKumutha Mahenthiran arbeitete als Angestellte in der Bew\u00e4sserungsabteilung. Vorfall Tag der Ermordung05.01.2006 OrtMattakalappu BeschreibungKumutha wurde mit schweren Nackenverletzungen tot aufgefunden. Ihre Leiche wurde 50m von der Stra\u00dfe entfernt im Geb\u00fcsch gefunden. Juristische LageDie Polizei vermutete, dass Kumutha von Zuhause entf\u00fchrt wurde, bevor sie ermordet wurde. &hellip; <\/p>\n","protected":false},"author":1,"featured_media":76,"parent":8,"menu_order":0,"comment_status":"closed","ping_status":"closed","template":"","meta":{"ngg_post_thumbnail":0,"footnotes":""},"_links":{"self":[{"href":"https:\/\/tfogermany.com\/de\/wp-json\/wp\/v2\/pages\/162"}],"collection":[{"href":"https:\/\/tfogermany.com\/de\/wp-json\/wp\/v2\/pages"}],"about":[{"href":"https:\/\/tfogermany.com\/de\/wp-json\/wp\/v2\/types\/page"}],"author":[{"embeddable":true,"href":"https:\/\/tfogermany.com\/de\/wp-json\/wp\/v2\/users\/1"}],"replies":[{"embeddable":true,"href":"https:\/\/tfogermany.com\/de\/wp-json\/wp\/v2\/comments?post=162"}],"version-history":[{"count":2,"href":"https:\/\/tfogermany.com\/de\/wp-json\/wp\/v2\/pages\/162\/revisions"}],"predecessor-version":[{"id":453,"href":"https:\/\/tfogermany.com\/de\/wp-json\/wp\/v2\/pages\/162\/revisions\/453"}],"up":[{"embeddable":true,"href":"https:\/\/tfogermany.com\/de\/wp-json\/wp\/v2\/pages\/8"}],"wp:featuredmedia":[{"embeddable":true,"href":"https:\/\/tfogermany.com\/de\/wp-json\/wp\/v2\/media\/76"}],"wp:attachment":[{"href":"https:\/\/tfogermany.com\/de\/wp-json\/wp\/v2\/media?parent=162"}],"curies":[{"name":"wp","href":"https:\/\/api.w.org\/{rel}","templated":true}]}}