{"id":156,"date":"2021-03-03T15:15:46","date_gmt":"2021-03-03T15:15:46","guid":{"rendered":"http:\/\/tfogermany.com\/de\/?page_id=156"},"modified":"2021-11-29T07:31:41","modified_gmt":"2021-11-29T07:31:41","slug":"achchika-arumainathan","status":"publish","type":"page","link":"https:\/\/tfogermany.com\/de\/100-grunde\/achchika-arumainathan\/","title":{"rendered":"Achchika Arumainathan"},"content":{"rendered":"\n<div class=\"wp-block-group\"><div class=\"wp-block-group__inner-container is-layout-flow wp-block-group-is-layout-flow\">\n<p class=\"has-text-align-center\"><strong>Personendaten<\/strong><\/p>\n\n\n\n<p><strong>Name<\/strong><br>Achchika Arumainathan<br><br><strong>Geburtsdatum<\/strong><br>1997<br><br><strong>Alter<\/strong><br>11<br><br><strong>Geburtsort<\/strong><br>&#8211;<br><br><strong>Wichtige biografische Angaben<\/strong><br>Achchika Arumainathan lebte mit ihren Eltern Thamotharampillai Arumainathan und Chandrathevi Arumainathan und ihrem 14 j\u00e4hringen Bruder Ajithan Arumainathan zusammen. Ihre Mutter war Lehrerin an der &#8216;Pazhai Central College&#8217;.<\/p>\n\n\n\n<p class=\"has-text-align-center\"><strong>Vorfall<\/strong><\/p>\n\n\n\n<p><strong>Tag der Ermordung<\/strong><br>10.01.09<br><br><strong>Ort<\/strong><br>Mullaithivu<br><br><strong>Beschreibung<\/strong><br>Die srilankische Luftwaffe (SLAF) griff drei Orte von Paranthan in Kilinochchi an. Bei diesem Angriff zielten sie auf tamilische Siedlungen und ermordeten drei Zivilisten. Au\u00dferdem wurden 4 tamilen verletzt, 12 H\u00e4user zerst\u00f6rt und zwei Hindu-Tempel besch\u00e4digt. Zu den Opfern geh\u00f6ren unter anderem Achchika und ihre Mutter.<br><br><strong>Juristische Lage<\/strong><br>&#8211;<\/p>\n<\/div><\/div>\n\n\n\n<p><\/p>\n","protected":false},"excerpt":{"rendered":"<p>Personendaten NameAchchika Arumainathan Geburtsdatum1997 Alter11 Geburtsort&#8211; Wichtige biografische AngabenAchchika Arumainathan lebte mit ihren Eltern Thamotharampillai Arumainathan und Chandrathevi Arumainathan und ihrem 14 j\u00e4hringen Bruder Ajithan Arumainathan zusammen. Ihre Mutter war Lehrerin an der &#8216;Pazhai Central College&#8217;. Vorfall Tag der Ermordung10.01.09 OrtMullaithivu BeschreibungDie srilankische Luftwaffe (SLAF) griff drei Orte von Paranthan in Kilinochchi an. Bei diesem &hellip; <\/p>\n","protected":false},"author":1,"featured_media":157,"parent":8,"menu_order":0,"comment_status":"closed","ping_status":"closed","template":"","meta":{"ngg_post_thumbnail":0,"footnotes":""},"_links":{"self":[{"href":"https:\/\/tfogermany.com\/de\/wp-json\/wp\/v2\/pages\/156"}],"collection":[{"href":"https:\/\/tfogermany.com\/de\/wp-json\/wp\/v2\/pages"}],"about":[{"href":"https:\/\/tfogermany.com\/de\/wp-json\/wp\/v2\/types\/page"}],"author":[{"embeddable":true,"href":"https:\/\/tfogermany.com\/de\/wp-json\/wp\/v2\/users\/1"}],"replies":[{"embeddable":true,"href":"https:\/\/tfogermany.com\/de\/wp-json\/wp\/v2\/comments?post=156"}],"version-history":[{"count":2,"href":"https:\/\/tfogermany.com\/de\/wp-json\/wp\/v2\/pages\/156\/revisions"}],"predecessor-version":[{"id":389,"href":"https:\/\/tfogermany.com\/de\/wp-json\/wp\/v2\/pages\/156\/revisions\/389"}],"up":[{"embeddable":true,"href":"https:\/\/tfogermany.com\/de\/wp-json\/wp\/v2\/pages\/8"}],"wp:featuredmedia":[{"embeddable":true,"href":"https:\/\/tfogermany.com\/de\/wp-json\/wp\/v2\/media\/157"}],"wp:attachment":[{"href":"https:\/\/tfogermany.com\/de\/wp-json\/wp\/v2\/media?parent=156"}],"curies":[{"name":"wp","href":"https:\/\/api.w.org\/{rel}","templated":true}]}}