{"id":150,"date":"2021-03-03T15:05:26","date_gmt":"2021-03-03T15:05:26","guid":{"rendered":"http:\/\/tfogermany.com\/de\/?page_id=150"},"modified":"2021-11-29T13:48:10","modified_gmt":"2021-11-29T13:48:10","slug":"sobhika-pathmanathan","status":"publish","type":"page","link":"https:\/\/tfogermany.com\/de\/100-grunde\/sobhika-pathmanathan\/","title":{"rendered":"Sobhika Pathmanathan"},"content":{"rendered":"\n<div class=\"wp-block-group\"><div class=\"wp-block-group__inner-container is-layout-flow wp-block-group-is-layout-flow\">\n<p class=\"has-text-align-center\"><strong>Personendaten<\/strong><\/p>\n\n\n\n<p><strong>Name<\/strong><br>Sobhika Pathmanathan<br><br><strong>Geburtsdatum<\/strong><br>1998<br><br><strong>Alter<\/strong><br>10<br><br><strong>Geburtsort<\/strong><br>Palai, Jaffna<br><br><strong>Wichtige biografische Angaben<\/strong><br>Sobhika Pathmanathan war ein zehn j\u00e4hriges Kind aus der Stadt Palai (Distrikt Jaffna). Sie war die Tochter von Vinasithamby Pathmanathan (33) und Ketheeswary Pathmanathan (31). Sie hatte einen kleinen Bruder, Vithusan (5), und zwei j\u00fcngere Schwestern, Thamilini (8) und Nila (6).<\/p>\n\n\n\n<p class=\"has-text-align-center\"><strong>Vorfall<\/strong><\/p>\n\n\n\n<p><strong>Tag der Ermordung<\/strong><br>02.02.2009<br><br><strong>Ort<\/strong><br>Puthukudiyiruppu<br><br><strong>Beschreibung<\/strong><br><\/p>\n\n\n\n<p>Mitte Januar 2009 deklarierte die sri-lankische Regierung die ersten Gebiete zu Teilen der sogenannten \u201eNo-Fire\u201c Zone, in die tamilische Zivilisten aufgefordert wurden, zu ihrer eigenen Sicherheit umzuziehen. Mehrere hunderttausende tamilische Zivilisten sind aus Todesangst vor Bombardierungen des sri-lankischen Milit\u00e4rs dorthin gefl\u00fcchtet. Jedoch stellte das sri-lankische Milit\u00e4r diese Sicherheitszonen unter gnadenlosen Beschuss ohne jegliche Unterscheidung zwischen milit\u00e4rischen und zivilen Zielen.<\/p>\n\n\n\n<p>Am 02.02.2009 wurde Sobhika Pathmanathan zusammen mit ihren Eltern und drei j\u00fcngeren Geschwistern durch einen Bombenangriff der sri-Lankischen Luftwaffe in Puthukudiyiruppu ermordet. Puthukudiyiruppu geh\u00f6rte zu diesem Zeitpunkt bereits zu den Sicherheitszonen. Au\u00dferdem wurde bei diesem Bombenangriff ge\u00e4chtete Clustermunition eingesetzt. Sobhika ist eine von vielen unschuldigen Kindern, die Opfer des Kriegsverbrechens der sri-lankischen Regierung wurden. Der Oberbefehlshaber der Streitkr\u00e4fte zu dem Zeitpunkt war Gotabaya Rajapaksa. Aktuell ist er der Pr\u00e4sident von Sri Lanka.<br><br><strong>Juristische Lage<\/strong><br>Bis heute wurden keine Verantwortlichen zur Rechenschaft gezogen. Es gab keine Gerichtsverhandlung oder Untersuchungen. Die zust\u00e4ndigen Soldaten oder die sri-lankischen Offiziere, die diesen Angriff befehligt haben, wurden nicht verurteilt.<\/p>\n<\/div><\/div>\n\n\n\n<p><\/p>\n","protected":false},"excerpt":{"rendered":"<p>Personendaten NameSobhika Pathmanathan Geburtsdatum1998 Alter10 GeburtsortPalai, Jaffna Wichtige biografische AngabenSobhika Pathmanathan war ein zehn j\u00e4hriges Kind aus der Stadt Palai (Distrikt Jaffna). Sie war die Tochter von Vinasithamby Pathmanathan (33) und Ketheeswary Pathmanathan (31). Sie hatte einen kleinen Bruder, Vithusan (5), und zwei j\u00fcngere Schwestern, Thamilini (8) und Nila (6). Vorfall Tag der Ermordung02.02.2009 OrtPuthukudiyiruppu &hellip; <\/p>\n","protected":false},"author":1,"featured_media":151,"parent":8,"menu_order":0,"comment_status":"closed","ping_status":"closed","template":"","meta":{"ngg_post_thumbnail":0,"footnotes":""},"_links":{"self":[{"href":"https:\/\/tfogermany.com\/de\/wp-json\/wp\/v2\/pages\/150"}],"collection":[{"href":"https:\/\/tfogermany.com\/de\/wp-json\/wp\/v2\/pages"}],"about":[{"href":"https:\/\/tfogermany.com\/de\/wp-json\/wp\/v2\/types\/page"}],"author":[{"embeddable":true,"href":"https:\/\/tfogermany.com\/de\/wp-json\/wp\/v2\/users\/1"}],"replies":[{"embeddable":true,"href":"https:\/\/tfogermany.com\/de\/wp-json\/wp\/v2\/comments?post=150"}],"version-history":[{"count":2,"href":"https:\/\/tfogermany.com\/de\/wp-json\/wp\/v2\/pages\/150\/revisions"}],"predecessor-version":[{"id":520,"href":"https:\/\/tfogermany.com\/de\/wp-json\/wp\/v2\/pages\/150\/revisions\/520"}],"up":[{"embeddable":true,"href":"https:\/\/tfogermany.com\/de\/wp-json\/wp\/v2\/pages\/8"}],"wp:featuredmedia":[{"embeddable":true,"href":"https:\/\/tfogermany.com\/de\/wp-json\/wp\/v2\/media\/151"}],"wp:attachment":[{"href":"https:\/\/tfogermany.com\/de\/wp-json\/wp\/v2\/media?parent=150"}],"curies":[{"name":"wp","href":"https:\/\/api.w.org\/{rel}","templated":true}]}}