{"id":15,"date":"2021-03-02T21:46:27","date_gmt":"2021-03-02T21:46:27","guid":{"rendered":"http:\/\/tfogermany.com\/de\/?page_id=15"},"modified":"2021-04-16T21:50:19","modified_gmt":"2021-04-16T21:50:19","slug":"home","status":"publish","type":"page","link":"https:\/\/tfogermany.com\/de\/","title":{"rendered":"Home"},"content":{"rendered":"\n<div class=\"wp-block-image\"><figure class=\"alignleft size-medium is-resized\"><img loading=\"lazy\" decoding=\"async\" src=\"https:\/\/tfogermany.com\/de\/wp-content\/uploads\/sites\/3\/2021\/04\/100_reasons_collage-300x300.jpg\" alt=\"\" class=\"wp-image-369\" width=\"450\" height=\"450\" srcset=\"https:\/\/tfogermany.com\/de\/wp-content\/uploads\/sites\/3\/2021\/04\/100_reasons_collage-300x300.jpg 300w, https:\/\/tfogermany.com\/de\/wp-content\/uploads\/sites\/3\/2021\/04\/100_reasons_collage-1024x1024.jpg 1024w, https:\/\/tfogermany.com\/de\/wp-content\/uploads\/sites\/3\/2021\/04\/100_reasons_collage-150x150.jpg 150w, https:\/\/tfogermany.com\/de\/wp-content\/uploads\/sites\/3\/2021\/04\/100_reasons_collage-768x768.jpg 768w, https:\/\/tfogermany.com\/de\/wp-content\/uploads\/sites\/3\/2021\/04\/100_reasons_collage-1536x1536.jpg 1536w, https:\/\/tfogermany.com\/de\/wp-content\/uploads\/sites\/3\/2021\/04\/100_reasons_collage-435x435.jpg 435w, https:\/\/tfogermany.com\/de\/wp-content\/uploads\/sites\/3\/2021\/04\/100_reasons_collage-60x60.jpg 60w, https:\/\/tfogermany.com\/de\/wp-content\/uploads\/sites\/3\/2021\/04\/100_reasons_collage.jpg 1999w\" sizes=\"(max-width: 450px) 100vw, 450px\" \/><\/figure><\/div>\n\n\n\n<h2 class=\"wp-block-heading\">V\u00f6lkermord und Femizid<\/h2>\n\n\n\n<p>In der Geschichte der Menschheit hat nichts zu mehr Katastrophen gef\u00fchrt als diktatorische Regime. Wir wissen vom Holocaust der Nazis, vom V\u00f6lkermord an den Armenier*innen, von den kolonialen V\u00f6lkermorden der Siedler gegen indigene V\u00f6lker in Amerika sowie von den vielen Massakern in Regionen wie Afrika und dem Nahen und mittleren Osten und vielen L\u00e4ndern Asiens.<\/p>\n\n\n\n<p>Nach der Definition der UN-Konvention \u00fcber den Schutz vor V\u00f6lkermord und seine strafrechtliche Ahndung ist V\u00f6lkermord<\/p>\n\n\n\n<p><em>\u201ceine der folgenden Handlungen, die in der Absicht begangen werden, eine nationale, ethnische, rassische oder religi\u00f6se Gruppe als solche ganz oder teilweise zu zerst\u00f6ren: T\u00f6tung von Mitgliedern der Gruppe; Verursachung von schwerem k\u00f6rperlichem oder seelischem Schaden an Mitgliedern der Gruppe; vors\u00e4tzliche Auferlegung von Lebensbedingungen f\u00fcr die Gruppe, die geeignet sind, ihre k\u00f6rperliche Zerst\u00f6rung ganz oder teilweise herbeizuf\u00fchren; Verh\u00e4ngung von Ma\u00dfnahmen, die auf die Geburtenverhinderung innerhalb der Gruppe gerichtet sind; gewaltsame \u00dcberf\u00fchrung von Kindern der Gruppe in eine andere Gruppe\u2026\u201c<\/em><\/p>\n\n\n\n<p>Das tamilische Volk hat seit der Unabh\u00e4ngigkeit Ceylons, das die Singhalesen in Sri Lanka umbenannt haben, im Jahr 1948 die Erfahrung von Unterdr\u00fcckung bis hin zum V\u00f6lkermord gemacht. Seit Jahren k\u00e4mpft das tamilsiche Volk daf\u00fcr, dass der singhalesische Staat und die Regierung Sri Lankas sich f\u00fcr ihren systematisch betriebenen V\u00f6lkermord vor den internationalen Strafgerichtshof in den Haag zu verantworten haben. Der Genozid am Volk zeigt sich in besonderer Weise im bewussten Morden, T\u00f6ten und vergewaltigen tamilischer Frauen.<\/p>\n","protected":false},"excerpt":{"rendered":"<p>V\u00f6lkermord und Femizid In der Geschichte der Menschheit hat nichts zu mehr Katastrophen gef\u00fchrt als diktatorische Regime. Wir wissen vom Holocaust der Nazis, vom V\u00f6lkermord an den Armenier*innen, von den kolonialen V\u00f6lkermorden der Siedler gegen indigene V\u00f6lker in Amerika sowie von den vielen Massakern in Regionen wie Afrika und dem Nahen und mittleren Osten und &hellip; <\/p>\n","protected":false},"author":1,"featured_media":0,"parent":0,"menu_order":0,"comment_status":"closed","ping_status":"closed","template":"","meta":{"ngg_post_thumbnail":0,"footnotes":""},"_links":{"self":[{"href":"https:\/\/tfogermany.com\/de\/wp-json\/wp\/v2\/pages\/15"}],"collection":[{"href":"https:\/\/tfogermany.com\/de\/wp-json\/wp\/v2\/pages"}],"about":[{"href":"https:\/\/tfogermany.com\/de\/wp-json\/wp\/v2\/types\/page"}],"author":[{"embeddable":true,"href":"https:\/\/tfogermany.com\/de\/wp-json\/wp\/v2\/users\/1"}],"replies":[{"embeddable":true,"href":"https:\/\/tfogermany.com\/de\/wp-json\/wp\/v2\/comments?post=15"}],"version-history":[{"count":4,"href":"https:\/\/tfogermany.com\/de\/wp-json\/wp\/v2\/pages\/15\/revisions"}],"predecessor-version":[{"id":377,"href":"https:\/\/tfogermany.com\/de\/wp-json\/wp\/v2\/pages\/15\/revisions\/377"}],"wp:attachment":[{"href":"https:\/\/tfogermany.com\/de\/wp-json\/wp\/v2\/media?parent=15"}],"curies":[{"name":"wp","href":"https:\/\/api.w.org\/{rel}","templated":true}]}}