{"id":147,"date":"2021-03-03T14:46:57","date_gmt":"2021-03-03T14:46:57","guid":{"rendered":"http:\/\/tfogermany.com\/de\/?page_id=147"},"modified":"2021-11-29T13:57:17","modified_gmt":"2021-11-29T13:57:17","slug":"thanayogam-kamalraj","status":"publish","type":"page","link":"https:\/\/tfogermany.com\/de\/100-grunde\/thanayogam-kamalraj\/","title":{"rendered":"Thanayogam Kamalraj"},"content":{"rendered":"\n<div class=\"wp-block-group\"><div class=\"wp-block-group__inner-container is-layout-flow wp-block-group-is-layout-flow\">\n<p class=\"has-text-align-center\"><strong>Personendaten<\/strong><\/p>\n\n\n\n<p><strong>Name<\/strong><br>Thanayogam Kamalraj<br><br><strong>Geburtsdatum<\/strong><br>1988<br><br><strong>Alter<\/strong><br>19<br><br><strong>Geburtsort<\/strong><br>Jaffna<br><br><strong>Wichtige biografische Angaben<\/strong><br>Hausfrau<\/p>\n\n\n\n<p class=\"has-text-align-center\"><strong>Vorfall<\/strong><\/p>\n\n\n\n<p><strong>Tag der Ermordung<\/strong><br>25.11.2007<br><br><strong>Ort<\/strong><br>Tharmapuram, Kilinochchi<br><br><strong>Beschreibung<\/strong><br>5 Personen wurden bei den Luftangriffen auf Tharmapuram, ein Dorf in Kandavalai, Kilinochi, get\u00f6tet. Drei H\u00e4user wurden vollst\u00e4ndig zerst\u00f6rt, sieben Wohnungen teilweise besch\u00e4digt und wertvolles Eigentum einschlie\u00dflich B\u00e4umen zerst\u00f6rt.<\/p>\n\n\n\n<p>Thanayogam und ihr Mann kamen im August 2006 von Jaffna nach Vanni, um einige Verwandte zu besuchen. Nachdem der Checkpoint in Muhamalai geschlossen wurde, lebten sie in Tharmapuram in einem gemieteten Haus und f\u00fchrten einige Teilzeit-Malerarbeiten aus, da sie professionelle Maler sind.<\/p>\n\n\n\n<p>Thanayogam wurde schwer verletzt. Ein Arm und ein Bein wurden amputiert.<\/p>\n\n\n\n<p>Nachdem sie mehrmals im Kilinochi-Krankenhaus operiert worden war, starb sie am 03.12.2007.<br><br><strong>Juristische Lage<\/strong><br>&#8211;<\/p>\n<\/div><\/div>\n\n\n\n<p><\/p>\n","protected":false},"excerpt":{"rendered":"<p>Personendaten NameThanayogam Kamalraj Geburtsdatum1988 Alter19 GeburtsortJaffna Wichtige biografische AngabenHausfrau Vorfall Tag der Ermordung25.11.2007 OrtTharmapuram, Kilinochchi Beschreibung5 Personen wurden bei den Luftangriffen auf Tharmapuram, ein Dorf in Kandavalai, Kilinochi, get\u00f6tet. Drei H\u00e4user wurden vollst\u00e4ndig zerst\u00f6rt, sieben Wohnungen teilweise besch\u00e4digt und wertvolles Eigentum einschlie\u00dflich B\u00e4umen zerst\u00f6rt. Thanayogam und ihr Mann kamen im August 2006 von Jaffna nach &hellip; <\/p>\n","protected":false},"author":1,"featured_media":148,"parent":8,"menu_order":0,"comment_status":"closed","ping_status":"closed","template":"","meta":{"ngg_post_thumbnail":0,"footnotes":""},"_links":{"self":[{"href":"https:\/\/tfogermany.com\/de\/wp-json\/wp\/v2\/pages\/147"}],"collection":[{"href":"https:\/\/tfogermany.com\/de\/wp-json\/wp\/v2\/pages"}],"about":[{"href":"https:\/\/tfogermany.com\/de\/wp-json\/wp\/v2\/types\/page"}],"author":[{"embeddable":true,"href":"https:\/\/tfogermany.com\/de\/wp-json\/wp\/v2\/users\/1"}],"replies":[{"embeddable":true,"href":"https:\/\/tfogermany.com\/de\/wp-json\/wp\/v2\/comments?post=147"}],"version-history":[{"count":2,"href":"https:\/\/tfogermany.com\/de\/wp-json\/wp\/v2\/pages\/147\/revisions"}],"predecessor-version":[{"id":531,"href":"https:\/\/tfogermany.com\/de\/wp-json\/wp\/v2\/pages\/147\/revisions\/531"}],"up":[{"embeddable":true,"href":"https:\/\/tfogermany.com\/de\/wp-json\/wp\/v2\/pages\/8"}],"wp:featuredmedia":[{"embeddable":true,"href":"https:\/\/tfogermany.com\/de\/wp-json\/wp\/v2\/media\/148"}],"wp:attachment":[{"href":"https:\/\/tfogermany.com\/de\/wp-json\/wp\/v2\/media?parent=147"}],"curies":[{"name":"wp","href":"https:\/\/api.w.org\/{rel}","templated":true}]}}