{"id":144,"date":"2021-03-03T14:43:59","date_gmt":"2021-03-03T14:43:59","guid":{"rendered":"http:\/\/tfogermany.com\/de\/?page_id=144"},"modified":"2021-11-29T12:17:01","modified_gmt":"2021-11-29T12:17:01","slug":"ruby-santhirasekaran","status":"publish","type":"page","link":"https:\/\/tfogermany.com\/de\/100-grunde\/ruby-santhirasekaran\/","title":{"rendered":"Ruby Santhirasekaran"},"content":{"rendered":"\n<div class=\"wp-block-group\"><div class=\"wp-block-group__inner-container is-layout-flow wp-block-group-is-layout-flow\">\n<p class=\"has-text-align-center\"><strong>Personendaten<\/strong><\/p>\n\n\n\n<p><strong>Name<\/strong><br>Ruby Santhirasekaran<br><br><strong>Geburtsdatum<\/strong><br>02.10.1976<br><br><strong>Alter<\/strong><br>31<br><br><strong>Geburtsort<\/strong><br>&#8211;<br><br><strong>Wichtige biografische Angaben<\/strong><br>Hausfrau und Mutter von drei Kindern<\/p>\n\n\n\n<p class=\"has-text-align-center\"><strong>Vorfall<\/strong><\/p>\n\n\n\n<p><strong>Tag der Ermordung<\/strong><br>16.11.2007<br><br><strong>Ort<\/strong><br>Thirimurykandy<br><br><strong>Beschreibung<\/strong><br>Kfir-Jet griff am 16. November 2007 eine private Bootsbauwerft in Thirumurigandy an. Die Bootswerft, die an der Autobahn A-9 angrenzt, wurde vollst\u00e4ndig zerst\u00f6rt. Zwei Zivilisten in der N\u00e4he wurden dabei auch verletzt.<\/p>\n\n\n\n<p>Chandrasekaram Ruby erlag den Verletzungen am 22. November, dem sechsten Tag nach dem Angriff.<br><br><strong>Juristische Lage<\/strong><br>&#8211;<\/p>\n<\/div><\/div>\n\n\n\n<p><\/p>\n","protected":false},"excerpt":{"rendered":"<p>Personendaten NameRuby Santhirasekaran Geburtsdatum02.10.1976 Alter31 Geburtsort&#8211; Wichtige biografische AngabenHausfrau und Mutter von drei Kindern Vorfall Tag der Ermordung16.11.2007 OrtThirimurykandy BeschreibungKfir-Jet griff am 16. November 2007 eine private Bootsbauwerft in Thirumurigandy an. Die Bootswerft, die an der Autobahn A-9 angrenzt, wurde vollst\u00e4ndig zerst\u00f6rt. Zwei Zivilisten in der N\u00e4he wurden dabei auch verletzt. Chandrasekaram Ruby erlag den &hellip; <\/p>\n","protected":false},"author":1,"featured_media":145,"parent":8,"menu_order":0,"comment_status":"closed","ping_status":"closed","template":"","meta":{"ngg_post_thumbnail":0,"footnotes":""},"_links":{"self":[{"href":"https:\/\/tfogermany.com\/de\/wp-json\/wp\/v2\/pages\/144"}],"collection":[{"href":"https:\/\/tfogermany.com\/de\/wp-json\/wp\/v2\/pages"}],"about":[{"href":"https:\/\/tfogermany.com\/de\/wp-json\/wp\/v2\/types\/page"}],"author":[{"embeddable":true,"href":"https:\/\/tfogermany.com\/de\/wp-json\/wp\/v2\/users\/1"}],"replies":[{"embeddable":true,"href":"https:\/\/tfogermany.com\/de\/wp-json\/wp\/v2\/comments?post=144"}],"version-history":[{"count":2,"href":"https:\/\/tfogermany.com\/de\/wp-json\/wp\/v2\/pages\/144\/revisions"}],"predecessor-version":[{"id":502,"href":"https:\/\/tfogermany.com\/de\/wp-json\/wp\/v2\/pages\/144\/revisions\/502"}],"up":[{"embeddable":true,"href":"https:\/\/tfogermany.com\/de\/wp-json\/wp\/v2\/pages\/8"}],"wp:featuredmedia":[{"embeddable":true,"href":"https:\/\/tfogermany.com\/de\/wp-json\/wp\/v2\/media\/145"}],"wp:attachment":[{"href":"https:\/\/tfogermany.com\/de\/wp-json\/wp\/v2\/media?parent=144"}],"curies":[{"name":"wp","href":"https:\/\/api.w.org\/{rel}","templated":true}]}}