{"id":141,"date":"2021-03-03T14:39:22","date_gmt":"2021-03-03T14:39:22","guid":{"rendered":"http:\/\/tfogermany.com\/de\/?page_id=141"},"modified":"2021-11-29T10:09:33","modified_gmt":"2021-11-29T10:09:33","slug":"loganantha-vijayaratnam","status":"publish","type":"page","link":"https:\/\/tfogermany.com\/de\/100-grunde\/loganantha-vijayaratnam\/","title":{"rendered":"Loganantha Vijayaratnam"},"content":{"rendered":"\n<div class=\"wp-block-group\"><div class=\"wp-block-group__inner-container is-layout-flow wp-block-group-is-layout-flow\">\n<p class=\"has-text-align-center\"><strong>Personendaten<\/strong><\/p>\n\n\n\n<p><strong>Name<\/strong><br>Loganantha Vijayaratnam<br><br><strong>Geburtsdatum<\/strong><br>1969<br><br><strong>Alter<\/strong><br>39<br><br><strong>Geburtsort<\/strong><br>&#8211;<br><br><strong>Wichtige biografische Angaben<\/strong><br>Mutter von f\u00fcnf Kindern. Drei von ihnen &#8211; die Tochter: Sivakala im Alter von 16 Jahren, der Sohn: Vithushan im Alter von 9 Jahren, wurden bei dem Angriff verletzt. Die siebenj\u00e4hrige Thanu wurde get\u00f6tet. Der andere vierzehnj\u00e4hrige Sohn Karthik und die zw\u00f6lfj\u00e4hrige Tochter Sobika wurden bei dem Angriff verletzt.<\/p>\n\n\n\n<p class=\"has-text-align-center\"><strong>Vorfall<\/strong><\/p>\n\n\n\n<p><strong>Tag der Ermordung<\/strong><br>23.05.2008<br><br><strong>Ort<\/strong><br>Murukandy, Mullaitivu<br><br><strong>Beschreibung<\/strong><br>Am 23. Mai 2008 war ein privater Lieferwagen mit neunzehn Mitgliedern einer Gro\u00dffamilie, darunter mehrere Kinder, auf der Stra\u00dfe Murikandy-Akkarayan in Kilinochchi unterwegs, als der Lieferwagen in der N\u00e4he von Murukandy um 14.00 Uhr \u00fcber eine Mine fuhr. Sechzehn Zivilisten, darunter f\u00fcnf Kinder, wurden get\u00f6tet. Die anderen drei Passagiere wurden verletzt.<\/p>\n\n\n\n<p>Der Angriff geh\u00f6rt zu dem Muster der Minen-Angriffe der Deep Penetration Unit (DPU) des srilankischen Milit\u00e4rs auf die von der LTTE kontrollierten Gebiete. Das Terrain, auf dem der Angriff stattfand, f\u00fchrt zu einigen Spekulationen \u00fcber die Gr\u00fcnde des Angriffs. Der Ort war nur 2 Kilometer von der Autobahn A9 und nur 10 Kilometer s\u00fcdlich von der Stadt Kilinochchi entfernt. Die N\u00e4he zur Stadt Kilinochchi macht sie zu einem attraktiven Ziel f\u00fcr die DPU. Die Stra\u00dfe war auch ein leichter Zugang von der s\u00fcdlichen Grenze des LTTE-Gebiets durch die bewaldete Region.<\/p>\n\n\n\n<p>Aus diesem Grund vermeidet jeder, der sich der potentiellen Minen-Bedrohung durch die DPU bewusst ist, diese Route zu benutzen. Unschuldige Menschen f\u00fchlten sich jedoch bis zum 23. Mai sicher auf dieser Route. Die Angreifer h\u00e4tten leicht erkennen k\u00f6nnen, dass der Lieferwagen haupts\u00e4chlich Frauen und Kinder transportierte. Sie waren dennoch entschlossen, die Claymore-Mine zu z\u00fcnden, um zu beweisen, dass sie so weit gekommen sind und einen Angriff in der N\u00e4he von Kilinochchi durchf\u00fchren k\u00f6nnen, und sei es auf ein ziviles Ziel. Die Gro\u00dffamilie in dem Transporter war auf dem R\u00fcckweg von Mulankavil, wo sie einen Verwandten besucht hatte, der Patient im Krankenhaus von Mulankavil war. Alle f\u00fcnf Kinder, die bei diesem Anschlag get\u00f6tet wurden,\u00a0 besuchten dieselbe Schule in Parathipuram. <br><br><strong>Juristische Lage<\/strong><br>&#8211;<\/p>\n<\/div><\/div>\n\n\n\n<p><\/p>\n","protected":false},"excerpt":{"rendered":"<p>Personendaten NameLoganantha Vijayaratnam Geburtsdatum1969 Alter39 Geburtsort&#8211; Wichtige biografische AngabenMutter von f\u00fcnf Kindern. Drei von ihnen &#8211; die Tochter: Sivakala im Alter von 16 Jahren, der Sohn: Vithushan im Alter von 9 Jahren, wurden bei dem Angriff verletzt. Die siebenj\u00e4hrige Thanu wurde get\u00f6tet. Der andere vierzehnj\u00e4hrige Sohn Karthik und die zw\u00f6lfj\u00e4hrige Tochter Sobika wurden bei dem &hellip; <\/p>\n","protected":false},"author":1,"featured_media":142,"parent":8,"menu_order":0,"comment_status":"closed","ping_status":"closed","template":"","meta":{"ngg_post_thumbnail":0,"footnotes":""},"_links":{"self":[{"href":"https:\/\/tfogermany.com\/de\/wp-json\/wp\/v2\/pages\/141"}],"collection":[{"href":"https:\/\/tfogermany.com\/de\/wp-json\/wp\/v2\/pages"}],"about":[{"href":"https:\/\/tfogermany.com\/de\/wp-json\/wp\/v2\/types\/page"}],"author":[{"embeddable":true,"href":"https:\/\/tfogermany.com\/de\/wp-json\/wp\/v2\/users\/1"}],"replies":[{"embeddable":true,"href":"https:\/\/tfogermany.com\/de\/wp-json\/wp\/v2\/comments?post=141"}],"version-history":[{"count":3,"href":"https:\/\/tfogermany.com\/de\/wp-json\/wp\/v2\/pages\/141\/revisions"}],"predecessor-version":[{"id":456,"href":"https:\/\/tfogermany.com\/de\/wp-json\/wp\/v2\/pages\/141\/revisions\/456"}],"up":[{"embeddable":true,"href":"https:\/\/tfogermany.com\/de\/wp-json\/wp\/v2\/pages\/8"}],"wp:featuredmedia":[{"embeddable":true,"href":"https:\/\/tfogermany.com\/de\/wp-json\/wp\/v2\/media\/142"}],"wp:attachment":[{"href":"https:\/\/tfogermany.com\/de\/wp-json\/wp\/v2\/media?parent=141"}],"curies":[{"name":"wp","href":"https:\/\/api.w.org\/{rel}","templated":true}]}}