{"id":135,"date":"2021-03-03T14:25:42","date_gmt":"2021-03-03T14:25:42","guid":{"rendered":"http:\/\/tfogermany.com\/de\/?page_id=135"},"modified":"2021-11-29T12:15:59","modified_gmt":"2021-11-29T12:15:59","slug":"renuka-bojan","status":"publish","type":"page","link":"https:\/\/tfogermany.com\/de\/100-grunde\/renuka-bojan\/","title":{"rendered":"Renuka Bojan"},"content":{"rendered":"\n<div class=\"wp-block-group\"><div class=\"wp-block-group__inner-container is-layout-flow wp-block-group-is-layout-flow\">\n<p class=\"has-text-align-center\"><strong>Personendaten<\/strong><\/p>\n\n\n\n<p><strong>Name<\/strong><br>Renuka Bojan<br><br><strong>Geburtsdatum<\/strong><br>1976<br><br><strong>Alter<\/strong><br>30<br><br><strong>Geburtsort<\/strong><br>Manipay, Jaffna<br><br><strong>Wichtige biografische Angaben<\/strong><br>Renuka Bojan studierte am Mahajana College in Tellipalai in der N\u00e4he ihres Elternhauses. Sie wurde mit dem Rest der Familie in den 1990er Jahren aus ihrem eigenen Haus in Tellipalai vertrieben, weil die srilankische Armee das Land in Beschlag nahm und es zu einer milit\u00e4rischen Hochsicherheitszone erkl\u00e4rte. Renuka verf\u00fcgte \u00fcber einen B.Com-Abschluss. Sie arbeitete als Englischlehrerin an der Thimyabarathy Schule in der Nahe ihres Hauses in Manipay. Renuka hatte erst zwei Wochen vor ihrer Ermordung geheiratet. Ihr Vater war lange Zeit der Scout Commissioner f\u00fcr das KKS-Gebiet in Jaffna und auch der Northern Commissioner f\u00fcr die St John&#8217;s Ambulance.<\/p>\n\n\n\n<p class=\"has-text-align-center\"><strong>Vorfall<\/strong><\/p>\n\n\n\n<p><strong>Tag der Ermordung<\/strong><br>14.01.2006<br><br><strong>Ort<\/strong><br>Manipay, Jaffna<br><br><strong>Beschreibung<\/strong><br>Um 20.00 Uhr der Mordnacht bemerkten die Familienangeh\u00f6rigen eine gro\u00dfe Anzahl von Soldaten der srilankischen Armee (SLA), die eine Zeit lang vor ihrem Tor standen. Alle SLA-Soldaten bedeckten ihr Gesicht mit einem schwarzen Tuch. Die Familie f\u00fchlte sich zu diesem Zeitpunkt bedroht. Um 22.00 Uhr waren die SLA-Soldaten jedoch weg und die Familie f\u00fchlte sich etwas beruhigt und ging zu Bett.<\/p>\n\n\n\n<p>Sp\u00e4ter in der Nacht h\u00f6rte die Familie Bojan das Bellen von Hunden, welches zunehmend lauter wurde. Die Familie h\u00f6rte laute Schl\u00e4ge an ihrem Tor. Als sie aufwachten und nachschauten, sahen sie neun M\u00e4nner, die \u00fcber ihr Tor sprangen und gegen ihre T\u00fcr h\u00e4mmerten. Nagendran Bojan (56) \u00f6ffnete die T\u00fcr und sein Sohn Ullasan (26) stand hinter dem Vater. Die bewaffneten M\u00e4nner zwangen sowohl den Vater, als auch den Sohn, sich vor dem Haus auf den Boden zu setzen.<\/p>\n\n\n\n<p>Als Shannuka zum Eingang kam, wurde sie von den Bewaffneten aus dem Haus gezogen und erschossen. Sie fiel sofort zu Boden. Als Shannukas Schwester und Mutter, Renuka und Arththanareeswari, den Schuss h\u00f6rten, schauten sie aus ihren Zimmern heraus. Nun waren die bewaffneten M\u00e4nner im Haus und schossen um sich. Renuka und Arthanareeswari wurden von Kugeln getroffen und fielen zu Boden. Renukas Ehemann, der sich im Zimmer befand, blieb im Dunkeln und die Bewaffneten sahen ihn nicht.<\/p>\n\n\n\n<p>Der Vater und der Sohn sa\u00dfen immer noch wie befohlen auf dem Boden vor dem Haus, Nagendran hatte den Kopf zwischen den Knien und weinte. Sein Sohn Ullasan drehte sich um und schaute ins Innere des Hauses, wo seine Mutter und zwei Schwestern tot lagen. Als die Bewaffneten hinausgingen, schossen sie auf die beiden am Boden sitzenden M\u00e4nner. Der Vater bekam die Kugel ins Knie, weil er in der Hocke sa\u00df, und der Sohn bekam die Kugel in die H\u00fcfte, weil er sich umgedreht und ins Haus geschaut hatte.<\/p>\n\n\n\n<p>Nachdem die Bewaffneten das Haus verlassen hatten, kam Renukas Ehemann heraus und k\u00fcmmerte sich um Ullasan, um seine Verletzung zu versorgen.<br><br><strong>Juristische Lage<\/strong><br>Mehrere &#8220;Strafverfolgungsbeh\u00f6rden&#8221;, darunter die Polizei von Manipay, das Hauptquartier der Polizei von Jaffna und die Kripo von Colombo, besuchten die \u00fcbrigen Familienmitglieder, um sich \u00fcber den Vorfall zu erkundigen. Auch das SLMM (Sri Lanka Monitoring Mission) suchte die Familienmitglieder auf, um sich zu erkundigen.<\/p>\n<\/div><\/div>\n\n\n\n<p><\/p>\n","protected":false},"excerpt":{"rendered":"<p>Personendaten NameRenuka Bojan Geburtsdatum1976 Alter30 GeburtsortManipay, Jaffna Wichtige biografische AngabenRenuka Bojan studierte am Mahajana College in Tellipalai in der N\u00e4he ihres Elternhauses. Sie wurde mit dem Rest der Familie in den 1990er Jahren aus ihrem eigenen Haus in Tellipalai vertrieben, weil die srilankische Armee das Land in Beschlag nahm und es zu einer milit\u00e4rischen Hochsicherheitszone &hellip; <\/p>\n","protected":false},"author":1,"featured_media":136,"parent":8,"menu_order":0,"comment_status":"closed","ping_status":"closed","template":"","meta":{"ngg_post_thumbnail":0,"footnotes":""},"_links":{"self":[{"href":"https:\/\/tfogermany.com\/de\/wp-json\/wp\/v2\/pages\/135"}],"collection":[{"href":"https:\/\/tfogermany.com\/de\/wp-json\/wp\/v2\/pages"}],"about":[{"href":"https:\/\/tfogermany.com\/de\/wp-json\/wp\/v2\/types\/page"}],"author":[{"embeddable":true,"href":"https:\/\/tfogermany.com\/de\/wp-json\/wp\/v2\/users\/1"}],"replies":[{"embeddable":true,"href":"https:\/\/tfogermany.com\/de\/wp-json\/wp\/v2\/comments?post=135"}],"version-history":[{"count":2,"href":"https:\/\/tfogermany.com\/de\/wp-json\/wp\/v2\/pages\/135\/revisions"}],"predecessor-version":[{"id":501,"href":"https:\/\/tfogermany.com\/de\/wp-json\/wp\/v2\/pages\/135\/revisions\/501"}],"up":[{"embeddable":true,"href":"https:\/\/tfogermany.com\/de\/wp-json\/wp\/v2\/pages\/8"}],"wp:featuredmedia":[{"embeddable":true,"href":"https:\/\/tfogermany.com\/de\/wp-json\/wp\/v2\/media\/136"}],"wp:attachment":[{"href":"https:\/\/tfogermany.com\/de\/wp-json\/wp\/v2\/media?parent=135"}],"curies":[{"name":"wp","href":"https:\/\/api.w.org\/{rel}","templated":true}]}}