{"id":132,"date":"2021-03-03T14:21:22","date_gmt":"2021-03-03T14:21:22","guid":{"rendered":"http:\/\/tfogermany.com\/de\/?page_id=132"},"modified":"2021-11-29T13:54:46","modified_gmt":"2021-11-29T13:54:46","slug":"sumithananthiny-varnalingam","status":"publish","type":"page","link":"https:\/\/tfogermany.com\/de\/100-grunde\/sumithananthiny-varnalingam\/","title":{"rendered":"Sumithananthiny Varnalingam"},"content":{"rendered":"\n<div class=\"wp-block-group\"><div class=\"wp-block-group__inner-container is-layout-flow wp-block-group-is-layout-flow\">\n<p class=\"has-text-align-center\"><strong>Personendaten<\/strong><\/p>\n\n\n\n<p><strong>Name<\/strong><br>Sumithananthiny Varnalingam<br><br><strong>Geburtsdatum<\/strong><br>1982<br><br><strong>Alter<\/strong><br>25<br><br><strong>Geburtsort<\/strong><br>Nallur, Jaffna<br><br><strong>Wichtige biografische Angaben<\/strong><br>Malerin in Tharmapuram. Tochter von Arumugam Varnalingam und Saraswathy Varnalingam<\/p>\n\n\n\n<p class=\"has-text-align-center\"><strong>Vorfall<\/strong><\/p>\n\n\n\n<p><strong>Tag der Ermordung<\/strong><br>25.11.2007<br><br><strong>Ort<\/strong><br>Tharmapuram, Kilinochi<br><br><strong>Beschreibung<\/strong><br>5 Personen wurden bei den Luftangriffen auf Tharmapuram, ein Dorf in Kandavalai, Kilinochi, get\u00f6tet. Drei H\u00e4user wurden vollst\u00e4ndig zerst\u00f6rt, sieben Unterk\u00fcnfte teilweise besch\u00e4digt und wertvolles Eigentum einschlie\u00dflich der B\u00e4ume zerst\u00f6rt.<br><br><strong>Juristische Lage<\/strong><br>&#8211;<\/p>\n<\/div><\/div>\n\n\n\n<p><\/p>\n","protected":false},"excerpt":{"rendered":"<p>Personendaten NameSumithananthiny Varnalingam Geburtsdatum1982 Alter25 GeburtsortNallur, Jaffna Wichtige biografische AngabenMalerin in Tharmapuram. Tochter von Arumugam Varnalingam und Saraswathy Varnalingam Vorfall Tag der Ermordung25.11.2007 OrtTharmapuram, Kilinochi Beschreibung5 Personen wurden bei den Luftangriffen auf Tharmapuram, ein Dorf in Kandavalai, Kilinochi, get\u00f6tet. Drei H\u00e4user wurden vollst\u00e4ndig zerst\u00f6rt, sieben Unterk\u00fcnfte teilweise besch\u00e4digt und wertvolles Eigentum einschlie\u00dflich der B\u00e4ume zerst\u00f6rt. &hellip; <\/p>\n","protected":false},"author":1,"featured_media":133,"parent":8,"menu_order":0,"comment_status":"closed","ping_status":"closed","template":"","meta":{"ngg_post_thumbnail":0,"footnotes":""},"_links":{"self":[{"href":"https:\/\/tfogermany.com\/de\/wp-json\/wp\/v2\/pages\/132"}],"collection":[{"href":"https:\/\/tfogermany.com\/de\/wp-json\/wp\/v2\/pages"}],"about":[{"href":"https:\/\/tfogermany.com\/de\/wp-json\/wp\/v2\/types\/page"}],"author":[{"embeddable":true,"href":"https:\/\/tfogermany.com\/de\/wp-json\/wp\/v2\/users\/1"}],"replies":[{"embeddable":true,"href":"https:\/\/tfogermany.com\/de\/wp-json\/wp\/v2\/comments?post=132"}],"version-history":[{"count":2,"href":"https:\/\/tfogermany.com\/de\/wp-json\/wp\/v2\/pages\/132\/revisions"}],"predecessor-version":[{"id":527,"href":"https:\/\/tfogermany.com\/de\/wp-json\/wp\/v2\/pages\/132\/revisions\/527"}],"up":[{"embeddable":true,"href":"https:\/\/tfogermany.com\/de\/wp-json\/wp\/v2\/pages\/8"}],"wp:featuredmedia":[{"embeddable":true,"href":"https:\/\/tfogermany.com\/de\/wp-json\/wp\/v2\/media\/133"}],"wp:attachment":[{"href":"https:\/\/tfogermany.com\/de\/wp-json\/wp\/v2\/media?parent=132"}],"curies":[{"name":"wp","href":"https:\/\/api.w.org\/{rel}","templated":true}]}}