{"id":130,"date":"2021-03-03T14:18:56","date_gmt":"2021-03-03T14:18:56","guid":{"rendered":"http:\/\/tfogermany.com\/de\/?page_id=130"},"modified":"2021-11-29T10:13:52","modified_gmt":"2021-11-29T10:13:52","slug":"malini-uthayakumar","status":"publish","type":"page","link":"https:\/\/tfogermany.com\/de\/100-grunde\/malini-uthayakumar\/","title":{"rendered":"Malini Uthayakumar"},"content":{"rendered":"\n<div class=\"wp-block-group\"><div class=\"wp-block-group__inner-container is-layout-flow wp-block-group-is-layout-flow\">\n<p class=\"has-text-align-center\"><strong>Personendaten<\/strong><\/p>\n\n\n\n<p><strong>Name<\/strong><br>Malini Uthayakumar<br><br><strong>Geburtsdatum<\/strong><br>1980<br><br><strong>Alter<\/strong><br>27<br><br><strong>Geburtsort<\/strong><br>&#8211;<br><br><strong>Wichtige biografische Angaben<\/strong><br>&#8211;<\/p>\n\n\n\n<p class=\"has-text-align-center\"><strong>Vorfall<\/strong><\/p>\n\n\n\n<p><strong>Tag der Ermordung<\/strong><br>03.01.2007<br><br><strong>Ort<\/strong><br>Padahuthurai, Mannar<br><br><strong>Beschreibung<\/strong><br>Eine kleine Fischergemeinde in Padahuthurai wurde von der srilankischen Luftwaffe bombardiert. Am 1. Januar 2007 wurde das neue Jahr von der Gemeinde gefeiert, wie es die meisten Christen auf der Insel tun. Der 2. Januar war ein entspannter Tag und die Gemeinde erwartete die Ankunft einer ihrer Familien, die weggefahren war, um mit anderen Verwandten 10 km entfernt das neue Jahr zu feiern. Zwei Stunden lang h\u00f6rten sie das Dr\u00f6hnen des \u00fcblichen Spionageflugzeugs, das sie beunruhigte, aber das war \u00fcblich. Es gab kein Ger\u00e4usch eines Bombers, welches sie dazu veranlasst h\u00e4tte, sich in Sicherheit zu bringen. Um 9.35 Uhr kamen der sehnlich erwartete Kuhan und seine Familie zu Fu\u00df von der Bushaltestelle, die etwas weiter entfernt war. Die ganze Verwandtschaft, vor allem die Kinder, rannten ihnen zur Begr\u00fc\u00dfung entgegen. Dabei kam es zu dem t\u00f6dlichen Angriff.<br><br><strong>Juristische Lage<\/strong><br>&#8211;<\/p>\n<\/div><\/div>\n\n\n\n<p><\/p>\n","protected":false},"excerpt":{"rendered":"<p>Personendaten NameMalini Uthayakumar Geburtsdatum1980 Alter27 Geburtsort&#8211; Wichtige biografische Angaben&#8211; Vorfall Tag der Ermordung03.01.2007 OrtPadahuthurai, Mannar BeschreibungEine kleine Fischergemeinde in Padahuthurai wurde von der srilankischen Luftwaffe bombardiert. Am 1. Januar 2007 wurde das neue Jahr von der Gemeinde gefeiert, wie es die meisten Christen auf der Insel tun. Der 2. Januar war ein entspannter Tag und &hellip; <\/p>\n","protected":false},"author":1,"featured_media":76,"parent":8,"menu_order":0,"comment_status":"closed","ping_status":"closed","template":"","meta":{"ngg_post_thumbnail":0,"footnotes":""},"_links":{"self":[{"href":"https:\/\/tfogermany.com\/de\/wp-json\/wp\/v2\/pages\/130"}],"collection":[{"href":"https:\/\/tfogermany.com\/de\/wp-json\/wp\/v2\/pages"}],"about":[{"href":"https:\/\/tfogermany.com\/de\/wp-json\/wp\/v2\/types\/page"}],"author":[{"embeddable":true,"href":"https:\/\/tfogermany.com\/de\/wp-json\/wp\/v2\/users\/1"}],"replies":[{"embeddable":true,"href":"https:\/\/tfogermany.com\/de\/wp-json\/wp\/v2\/comments?post=130"}],"version-history":[{"count":2,"href":"https:\/\/tfogermany.com\/de\/wp-json\/wp\/v2\/pages\/130\/revisions"}],"predecessor-version":[{"id":461,"href":"https:\/\/tfogermany.com\/de\/wp-json\/wp\/v2\/pages\/130\/revisions\/461"}],"up":[{"embeddable":true,"href":"https:\/\/tfogermany.com\/de\/wp-json\/wp\/v2\/pages\/8"}],"wp:featuredmedia":[{"embeddable":true,"href":"https:\/\/tfogermany.com\/de\/wp-json\/wp\/v2\/media\/76"}],"wp:attachment":[{"href":"https:\/\/tfogermany.com\/de\/wp-json\/wp\/v2\/media?parent=130"}],"curies":[{"name":"wp","href":"https:\/\/api.w.org\/{rel}","templated":true}]}}