{"id":126,"date":"2021-03-03T14:12:23","date_gmt":"2021-03-03T14:12:23","guid":{"rendered":"http:\/\/tfogermany.com\/de\/?page_id=126"},"modified":"2021-11-29T16:07:54","modified_gmt":"2021-11-29T16:07:54","slug":"thavarajah-selvakumari","status":"publish","type":"page","link":"https:\/\/tfogermany.com\/de\/100-grunde\/thavarajah-selvakumari\/","title":{"rendered":"Thavarajah Selvakumari"},"content":{"rendered":"\n<div class=\"wp-block-group\"><div class=\"wp-block-group__inner-container is-layout-flow wp-block-group-is-layout-flow\">\n<p class=\"has-text-align-center\"><strong>Personendaten<\/strong><\/p>\n\n\n\n<p><strong>Name<\/strong><br>Thavarajah Selvakumari<br><br><strong>Geburtsdatum<\/strong><br>1988<br><br><strong>Alter<\/strong><br>18<br><br><strong>Geburtsort<\/strong><br>&#8211;<br><br><strong>Wichtige biografische Angaben<\/strong><br>&#8211;<\/p>\n\n\n\n<p class=\"has-text-align-center\"><strong>Vorfall<\/strong><\/p>\n\n\n\n<p><strong>Tag der Ermordung<\/strong><br>12.04.2006<br><br><strong>Ort<\/strong><br>Trimcomalee<br><br><strong>Beschreibung<\/strong><br>Zahlreiche Menschen wurden Zeugen, wie drei Lastwagenladungen singhalesischer Schl\u00e4ger in die Stadt Trincomalee gebracht wurden, noch bevor diese Explosion stattfand. Diese begannen, die Gesch\u00e4ftsr\u00e4ume der Tamilen auszurauben und z\u00fcndeten sie an. Bald begannen Angriffe auf Tamilen. Bei diesen Angriffen wurden Schusswaffen und Macheten eingesetzt. Die meisten der Tamilen, die zum Neujahrseinkauf im April in der Stadt waren, wurden get\u00f6tet.<br><br><strong>Juristische Lage<\/strong><br>Es gab viele Polizisten, Marine- und Armeeangeh\u00f6rige, die dabeistanden und zusahen, wie die Gewalt geschah.<\/p>\n<\/div><\/div>\n\n\n\n<p><\/p>\n","protected":false},"excerpt":{"rendered":"<p>Personendaten NameThavarajah Selvakumari Geburtsdatum1988 Alter18 Geburtsort&#8211; Wichtige biografische Angaben&#8211; Vorfall Tag der Ermordung12.04.2006 OrtTrimcomalee BeschreibungZahlreiche Menschen wurden Zeugen, wie drei Lastwagenladungen singhalesischer Schl\u00e4ger in die Stadt Trincomalee gebracht wurden, noch bevor diese Explosion stattfand. Diese begannen, die Gesch\u00e4ftsr\u00e4ume der Tamilen auszurauben und z\u00fcndeten sie an. Bald begannen Angriffe auf Tamilen. Bei diesen Angriffen wurden Schusswaffen &hellip; <\/p>\n","protected":false},"author":1,"featured_media":76,"parent":8,"menu_order":0,"comment_status":"closed","ping_status":"closed","template":"","meta":{"ngg_post_thumbnail":0,"footnotes":""},"_links":{"self":[{"href":"https:\/\/tfogermany.com\/de\/wp-json\/wp\/v2\/pages\/126"}],"collection":[{"href":"https:\/\/tfogermany.com\/de\/wp-json\/wp\/v2\/pages"}],"about":[{"href":"https:\/\/tfogermany.com\/de\/wp-json\/wp\/v2\/types\/page"}],"author":[{"embeddable":true,"href":"https:\/\/tfogermany.com\/de\/wp-json\/wp\/v2\/users\/1"}],"replies":[{"embeddable":true,"href":"https:\/\/tfogermany.com\/de\/wp-json\/wp\/v2\/comments?post=126"}],"version-history":[{"count":2,"href":"https:\/\/tfogermany.com\/de\/wp-json\/wp\/v2\/pages\/126\/revisions"}],"predecessor-version":[{"id":542,"href":"https:\/\/tfogermany.com\/de\/wp-json\/wp\/v2\/pages\/126\/revisions\/542"}],"up":[{"embeddable":true,"href":"https:\/\/tfogermany.com\/de\/wp-json\/wp\/v2\/pages\/8"}],"wp:featuredmedia":[{"embeddable":true,"href":"https:\/\/tfogermany.com\/de\/wp-json\/wp\/v2\/media\/76"}],"wp:attachment":[{"href":"https:\/\/tfogermany.com\/de\/wp-json\/wp\/v2\/media?parent=126"}],"curies":[{"name":"wp","href":"https:\/\/api.w.org\/{rel}","templated":true}]}}