{"id":123,"date":"2021-03-03T14:10:36","date_gmt":"2021-03-03T14:10:36","guid":{"rendered":"http:\/\/tfogermany.com\/de\/?page_id=123"},"modified":"2021-11-29T15:57:01","modified_gmt":"2021-11-29T15:57:01","slug":"thanusha-thanikasalam","status":"publish","type":"page","link":"https:\/\/tfogermany.com\/de\/100-grunde\/thanusha-thanikasalam\/","title":{"rendered":"Thanusha Thanikasalam"},"content":{"rendered":"\n<div class=\"wp-block-group\"><div class=\"wp-block-group__inner-container is-layout-flow wp-block-group-is-layout-flow\">\n<p class=\"has-text-align-center\"><strong>Personendaten<\/strong><\/p>\n\n\n\n<p><strong>Name<\/strong><br>Thanusha Thanikasalam<br><br><strong>Geburtsdatum<\/strong><br>02.12.1987<br><br><strong>Alter<\/strong><br>18<br><br><strong>Geburtsort<\/strong><br>Kallapaadu<br><br><strong>Wichtige biografische Angaben<\/strong><br>Sch\u00fclerin der Mahavidhyalayam Mullaithivu<\/p>\n\n\n\n<p class=\"has-text-align-center\"><strong>Vorfall<\/strong><\/p>\n\n\n\n<p><strong>Tag der Ermordung<\/strong><br>14.08.2006<br><br><strong>Ort<\/strong><br>Vallipunam, Chencolai Waisenhaus f\u00fcr M\u00e4dchen<br><br><strong>Beschreibung<\/strong><br>Die srilankische Luftwaffe bombardierte das Waisenhaus mit der Begr\u00fcndung, es handle sich um ein Trainingslager und t\u00f6tete dabei 61 M\u00e4dchen im Alter von 16 bis 18 Jahren.<br><br><strong>Juristische Lage<\/strong><br>Die srilankische Regierung erkl\u00e4rte den Medien, dass das Waisenhaus ein Trainings- und Durchgangslager f\u00fcr die Milit\u00e4rkader der LTTE sei. Sie wiesen darauf hin, dass es weder wie ein Waisenhaus noch wie eine zivile Einrichtung aussah.<\/p>\n<\/div><\/div>\n\n\n\n<p><\/p>\n","protected":false},"excerpt":{"rendered":"<p>Personendaten NameThanusha Thanikasalam Geburtsdatum02.12.1987 Alter18 GeburtsortKallapaadu Wichtige biografische AngabenSch\u00fclerin der Mahavidhyalayam Mullaithivu Vorfall Tag der Ermordung14.08.2006 OrtVallipunam, Chencolai Waisenhaus f\u00fcr M\u00e4dchen BeschreibungDie srilankische Luftwaffe bombardierte das Waisenhaus mit der Begr\u00fcndung, es handle sich um ein Trainingslager und t\u00f6tete dabei 61 M\u00e4dchen im Alter von 16 bis 18 Jahren. Juristische LageDie srilankische Regierung erkl\u00e4rte den Medien, &hellip; <\/p>\n","protected":false},"author":1,"featured_media":124,"parent":8,"menu_order":0,"comment_status":"closed","ping_status":"closed","template":"","meta":{"ngg_post_thumbnail":0,"footnotes":""},"_links":{"self":[{"href":"https:\/\/tfogermany.com\/de\/wp-json\/wp\/v2\/pages\/123"}],"collection":[{"href":"https:\/\/tfogermany.com\/de\/wp-json\/wp\/v2\/pages"}],"about":[{"href":"https:\/\/tfogermany.com\/de\/wp-json\/wp\/v2\/types\/page"}],"author":[{"embeddable":true,"href":"https:\/\/tfogermany.com\/de\/wp-json\/wp\/v2\/users\/1"}],"replies":[{"embeddable":true,"href":"https:\/\/tfogermany.com\/de\/wp-json\/wp\/v2\/comments?post=123"}],"version-history":[{"count":2,"href":"https:\/\/tfogermany.com\/de\/wp-json\/wp\/v2\/pages\/123\/revisions"}],"predecessor-version":[{"id":534,"href":"https:\/\/tfogermany.com\/de\/wp-json\/wp\/v2\/pages\/123\/revisions\/534"}],"up":[{"embeddable":true,"href":"https:\/\/tfogermany.com\/de\/wp-json\/wp\/v2\/pages\/8"}],"wp:featuredmedia":[{"embeddable":true,"href":"https:\/\/tfogermany.com\/de\/wp-json\/wp\/v2\/media\/124"}],"wp:attachment":[{"href":"https:\/\/tfogermany.com\/de\/wp-json\/wp\/v2\/media?parent=123"}],"curies":[{"name":"wp","href":"https:\/\/api.w.org\/{rel}","templated":true}]}}