{"id":120,"date":"2021-03-03T14:08:43","date_gmt":"2021-03-03T14:08:43","guid":{"rendered":"http:\/\/tfogermany.com\/de\/?page_id=120"},"modified":"2021-11-29T15:59:22","modified_gmt":"2021-11-29T15:59:22","slug":"thanuskody-premini","status":"publish","type":"page","link":"https:\/\/tfogermany.com\/de\/100-grunde\/thanuskody-premini\/","title":{"rendered":"Thanuskody Premini"},"content":{"rendered":"\n<div class=\"wp-block-group\"><div class=\"wp-block-group__inner-container is-layout-flow wp-block-group-is-layout-flow\">\n<p class=\"has-text-align-center\"><strong>Personendaten<\/strong><\/p>\n\n\n\n<p><strong>Name<\/strong><br>Thanuskody Premini<br><br><strong>Geburtsdatum<\/strong><br>1985<br><br><strong>Alter<\/strong><br>25<br><br><strong>Geburtsort<\/strong><br>&#8211;<br><br><strong>Wichtige biografische Angaben<\/strong><br>Hauptbuchhalterin der TRO (Tamils Rehabilitation Organisation), welche eine gesetzlich registrierte Wohlt\u00e4tigkeitsorganisation in Sri Lanka ist.<\/p>\n\n\n\n<p class=\"has-text-align-center\"><strong>Vorfall<\/strong><\/p>\n\n\n\n<p><strong>Tag der Ermordung<\/strong><br>29.\/30.01.2006<br><br><strong>Ort<\/strong><br>Welikande Area in Polannaruwa. District<br><br><strong>Beschreibung<\/strong><br>W\u00e4hrend TRO-Mitarbeiter auf dem Weg vom TRO-B\u00fcro in Batticaloa zum TRO-B\u00fcro in Kilinochchi waren, wurden sie von einem bewaffneten Mann entf\u00fchrt und \u00fcber Nacht festgehalten. Drei Frauen wurden freigelassen. Die m\u00e4nnlichen Mitarbeiter, die ihre Unschuld nicht beweisen konnten, wurden get\u00f6tet. Premini wurde von einer Gruppe von M\u00e4nnern vergewaltigt und get\u00f6tet. Ihre Leiche wurde in einem Geb\u00fcsch gefunden.<br><br><strong>Juristische Lage<\/strong><br>Dieses Massaker war eines der wenigen, die von der srilankischen Regierung f\u00fcr eine Sonderuntersuchung unter der Aufsicht einer internationalen \u00dcberwachungsgruppe ausgew\u00e4hlt wurden, der ein indischer Richter vorstand. Die eminente Person verlie\u00df Sri Lanka im Jahr 2008 angewidert, nachdem sie das Vertrauen in die Art und Weise, wie die Untersuchungen durchgef\u00fchrt wurden, verloren hatte.<\/p>\n<\/div><\/div>\n\n\n\n<p><\/p>\n","protected":false},"excerpt":{"rendered":"<p>Personendaten NameThanuskody Premini Geburtsdatum1985 Alter25 Geburtsort&#8211; Wichtige biografische AngabenHauptbuchhalterin der TRO (Tamils Rehabilitation Organisation), welche eine gesetzlich registrierte Wohlt\u00e4tigkeitsorganisation in Sri Lanka ist. Vorfall Tag der Ermordung29.\/30.01.2006 OrtWelikande Area in Polannaruwa. District BeschreibungW\u00e4hrend TRO-Mitarbeiter auf dem Weg vom TRO-B\u00fcro in Batticaloa zum TRO-B\u00fcro in Kilinochchi waren, wurden sie von einem bewaffneten Mann entf\u00fchrt und \u00fcber &hellip; <\/p>\n","protected":false},"author":1,"featured_media":121,"parent":8,"menu_order":0,"comment_status":"closed","ping_status":"closed","template":"","meta":{"ngg_post_thumbnail":0,"footnotes":""},"_links":{"self":[{"href":"https:\/\/tfogermany.com\/de\/wp-json\/wp\/v2\/pages\/120"}],"collection":[{"href":"https:\/\/tfogermany.com\/de\/wp-json\/wp\/v2\/pages"}],"about":[{"href":"https:\/\/tfogermany.com\/de\/wp-json\/wp\/v2\/types\/page"}],"author":[{"embeddable":true,"href":"https:\/\/tfogermany.com\/de\/wp-json\/wp\/v2\/users\/1"}],"replies":[{"embeddable":true,"href":"https:\/\/tfogermany.com\/de\/wp-json\/wp\/v2\/comments?post=120"}],"version-history":[{"count":2,"href":"https:\/\/tfogermany.com\/de\/wp-json\/wp\/v2\/pages\/120\/revisions"}],"predecessor-version":[{"id":537,"href":"https:\/\/tfogermany.com\/de\/wp-json\/wp\/v2\/pages\/120\/revisions\/537"}],"up":[{"embeddable":true,"href":"https:\/\/tfogermany.com\/de\/wp-json\/wp\/v2\/pages\/8"}],"wp:featuredmedia":[{"embeddable":true,"href":"https:\/\/tfogermany.com\/de\/wp-json\/wp\/v2\/media\/121"}],"wp:attachment":[{"href":"https:\/\/tfogermany.com\/de\/wp-json\/wp\/v2\/media?parent=120"}],"curies":[{"name":"wp","href":"https:\/\/api.w.org\/{rel}","templated":true}]}}