{"id":114,"date":"2021-03-03T14:02:30","date_gmt":"2021-03-03T14:02:30","guid":{"rendered":"http:\/\/tfogermany.com\/de\/?page_id=114"},"modified":"2021-11-29T09:43:32","modified_gmt":"2021-11-29T09:43:32","slug":"kovarthani-k","status":"publish","type":"page","link":"https:\/\/tfogermany.com\/de\/100-grunde\/kovarthani-k\/","title":{"rendered":"Kovarthani K."},"content":{"rendered":"\n<div class=\"wp-block-group\"><div class=\"wp-block-group__inner-container is-layout-flow wp-block-group-is-layout-flow\">\n<p class=\"has-text-align-center\"><strong>Personendaten<\/strong><\/p>\n\n\n\n<p><strong>Name<\/strong><br>Kovarthani K.<br><br><strong>Geburtsdatum<\/strong><br>1979<br><br><strong>Alter<\/strong><br>27<br><br><strong>Geburtsort<\/strong><br>&#8211;<br><br><strong>Wichtige biografische Angaben<\/strong><br>Kovarthani arbeitete in der Hygiene Abteilung und leistete Erste Hilfe im Rahmen der ACF Organisation. Bei einem Attentat in Muttur, Trincomalee, ist sie im Alter von 27 Jahren verstorben.<\/p>\n\n\n\n<p class=\"has-text-align-center\"><strong>Vorfall<\/strong><\/p>\n\n\n\n<p><strong>Tag der Ermordung<\/strong><br>04.08.2006<br><br><strong>Ort<\/strong><br>Muttur, Trincomalee<br><br><strong>Beschreibung<\/strong><br>In Muttur, welches sich in Trincomalee , fand am 4. August 2006 ein Attentat statt. Dabei kamen 17 humanit\u00e4re Helfer ums Leben. Es wird vermutet, dass sie von srilankischen Sicherheitskr\u00e4ften get\u00f6tet wurden. Unter den get\u00f6teten war auch Kovarthani. Sie arbeitete zu dem Zeitpunkt bei der Action contre la Faim (ACF), einer Organisation gegen Welthunger.<\/p>\n\n\n\n<p>Sie wurden auf dem ACF-Gel\u00e4nde in eine Reihe gestellt und erschossen. Solche Massaker an humanit\u00e4ren Helfern sind in Sri Lanka keine Seltenheit.<br><br><strong>Juristische Lage<\/strong><br>Nach dem Tod dieser Mitarbeiter der Hilfsorganisation begannen die Ermittlungen. Dann wurde festgestellt, dass das srilankische Justizsystem nicht in der Lage war, weitere Untersuchungen durchzuf\u00fchren, trotz dessen wurden die get\u00f6teten Mitarbeiter identifiziert. Das Verbrechen wurde von den obersten Beh\u00f6rden Sri Lankas vertuscht. Die Organisation ACF geht davon aus, dass nur eine unabh\u00e4ngige Untersuchung die M\u00f6rder finden k\u00f6nnte.<\/p>\n<\/div><\/div>\n\n\n\n<p><\/p>\n","protected":false},"excerpt":{"rendered":"<p>Personendaten NameKovarthani K. Geburtsdatum1979 Alter27 Geburtsort&#8211; Wichtige biografische AngabenKovarthani arbeitete in der Hygiene Abteilung und leistete Erste Hilfe im Rahmen der ACF Organisation. Bei einem Attentat in Muttur, Trincomalee, ist sie im Alter von 27 Jahren verstorben. Vorfall Tag der Ermordung04.08.2006 OrtMuttur, Trincomalee BeschreibungIn Muttur, welches sich in Trincomalee , fand am 4. August 2006 &hellip; <\/p>\n","protected":false},"author":1,"featured_media":115,"parent":8,"menu_order":0,"comment_status":"closed","ping_status":"closed","template":"","meta":{"ngg_post_thumbnail":0,"footnotes":""},"_links":{"self":[{"href":"https:\/\/tfogermany.com\/de\/wp-json\/wp\/v2\/pages\/114"}],"collection":[{"href":"https:\/\/tfogermany.com\/de\/wp-json\/wp\/v2\/pages"}],"about":[{"href":"https:\/\/tfogermany.com\/de\/wp-json\/wp\/v2\/types\/page"}],"author":[{"embeddable":true,"href":"https:\/\/tfogermany.com\/de\/wp-json\/wp\/v2\/users\/1"}],"replies":[{"embeddable":true,"href":"https:\/\/tfogermany.com\/de\/wp-json\/wp\/v2\/comments?post=114"}],"version-history":[{"count":2,"href":"https:\/\/tfogermany.com\/de\/wp-json\/wp\/v2\/pages\/114\/revisions"}],"predecessor-version":[{"id":446,"href":"https:\/\/tfogermany.com\/de\/wp-json\/wp\/v2\/pages\/114\/revisions\/446"}],"up":[{"embeddable":true,"href":"https:\/\/tfogermany.com\/de\/wp-json\/wp\/v2\/pages\/8"}],"wp:featuredmedia":[{"embeddable":true,"href":"https:\/\/tfogermany.com\/de\/wp-json\/wp\/v2\/media\/115"}],"wp:attachment":[{"href":"https:\/\/tfogermany.com\/de\/wp-json\/wp\/v2\/media?parent=114"}],"curies":[{"name":"wp","href":"https:\/\/api.w.org\/{rel}","templated":true}]}}