{"id":112,"date":"2021-03-03T14:00:42","date_gmt":"2021-03-03T14:00:42","guid":{"rendered":"http:\/\/tfogermany.com\/de\/?page_id=112"},"modified":"2021-11-29T13:44:33","modified_gmt":"2021-11-29T13:44:33","slug":"sivananthi-kisnasamy","status":"publish","type":"page","link":"https:\/\/tfogermany.com\/de\/100-grunde\/sivananthi-kisnasamy\/","title":{"rendered":"Sivananthi Kisnasamy"},"content":{"rendered":"\n<div class=\"wp-block-group\"><div class=\"wp-block-group__inner-container is-layout-flow wp-block-group-is-layout-flow\">\n<p class=\"has-text-align-center\"><strong>Personendaten<\/strong><\/p>\n\n\n\n<p><strong>Name<\/strong><br>Sivananthi&nbsp;Kisnasamy<br><br><strong>Geburtsdatum<\/strong><br>1981<br><br><strong>Alter<\/strong><br>27<br><br><strong>Geburtsort<\/strong><br>Kilinochchi<br><br><strong>Wichtige biografische Angaben<\/strong><br>Sivananthi Kisnasamy war bei ihrer Ermordung 27 Jahre alt.<\/p>\n\n\n\n<p class=\"has-text-align-center\"><strong>Vorfall<\/strong><\/p>\n\n\n\n<p><strong>Tag der Ermordung<\/strong><br>22.08.2008<br><br><strong>Ort<\/strong><br>Kiranchi, Kilinochchi<br><br><strong>Beschreibung<\/strong><br>Am 22.2.2008 bombardierte die&nbsp;srilankische&nbsp;Luftwaffe&nbsp;das Dorf&nbsp;Kiranchi&nbsp;nahe&nbsp;Poonahar&nbsp;in&nbsp;Kilinochchi.&nbsp;8 Zivilisten, darunter auch Sivananthi Kisnasamy, die sich verteilt in&nbsp;3 H\u00e4user aufhielten,&nbsp;kamen bei diesem Luftangriff ums Leben.&nbsp;Weitere 12 Menschen wurden mit schweren Verletzungen ins Krankenhaus gebracht. Eine Frau verstarb an den Verletzungen.&nbsp;&nbsp;<\/p>\n\n\n\n<p>Die\u00a0srilankische\u00a0Armee nutzte h\u00e4ufig die Luftangriffe, um gezielt die tamilischen Gebiete zu bombardieren. Auf diese Weise wurden zahlreiche Tamilen get\u00f6tet und ihre H\u00e4user und Grundst\u00fccke zerst\u00f6rt.\u00a0Die Luftangriffe versetzten die B\u00fcrger in Angst und Schrecken, sodass selbst errichtete Bunker nahe den\u00a0eigenen H\u00e4usern\u00a0als Verstecke\u00a0und Schutzorte dienen mussten.\u00a0\u00a0<br><br><strong>Juristische Lage<\/strong><br>Bislang wurden weder der srilankische Staat noch die beteiligten Soldaten f\u00fcr die immensen Menschenrechtsverletzungen zur Rechenschaft gezogen. Bis heute gibt es keine unabh\u00e4ngigen, internationalen Untersuchungen. Stattdessen wurden leitende Offiziere zu h\u00f6heren Posten bef\u00f6rdert.<\/p>\n<\/div><\/div>\n\n\n\n<p><\/p>\n","protected":false},"excerpt":{"rendered":"<p>Personendaten NameSivananthi&nbsp;Kisnasamy Geburtsdatum1981 Alter27 GeburtsortKilinochchi Wichtige biografische AngabenSivananthi Kisnasamy war bei ihrer Ermordung 27 Jahre alt. Vorfall Tag der Ermordung22.08.2008 OrtKiranchi, Kilinochchi BeschreibungAm 22.2.2008 bombardierte die&nbsp;srilankische&nbsp;Luftwaffe&nbsp;das Dorf&nbsp;Kiranchi&nbsp;nahe&nbsp;Poonahar&nbsp;in&nbsp;Kilinochchi.&nbsp;8 Zivilisten, darunter auch Sivananthi Kisnasamy, die sich verteilt in&nbsp;3 H\u00e4user aufhielten,&nbsp;kamen bei diesem Luftangriff ums Leben.&nbsp;Weitere 12 Menschen wurden mit schweren Verletzungen ins Krankenhaus gebracht. Eine Frau verstarb &hellip; <\/p>\n","protected":false},"author":1,"featured_media":76,"parent":8,"menu_order":0,"comment_status":"closed","ping_status":"closed","template":"","meta":{"ngg_post_thumbnail":0,"footnotes":""},"_links":{"self":[{"href":"https:\/\/tfogermany.com\/de\/wp-json\/wp\/v2\/pages\/112"}],"collection":[{"href":"https:\/\/tfogermany.com\/de\/wp-json\/wp\/v2\/pages"}],"about":[{"href":"https:\/\/tfogermany.com\/de\/wp-json\/wp\/v2\/types\/page"}],"author":[{"embeddable":true,"href":"https:\/\/tfogermany.com\/de\/wp-json\/wp\/v2\/users\/1"}],"replies":[{"embeddable":true,"href":"https:\/\/tfogermany.com\/de\/wp-json\/wp\/v2\/comments?post=112"}],"version-history":[{"count":2,"href":"https:\/\/tfogermany.com\/de\/wp-json\/wp\/v2\/pages\/112\/revisions"}],"predecessor-version":[{"id":516,"href":"https:\/\/tfogermany.com\/de\/wp-json\/wp\/v2\/pages\/112\/revisions\/516"}],"up":[{"embeddable":true,"href":"https:\/\/tfogermany.com\/de\/wp-json\/wp\/v2\/pages\/8"}],"wp:featuredmedia":[{"embeddable":true,"href":"https:\/\/tfogermany.com\/de\/wp-json\/wp\/v2\/media\/76"}],"wp:attachment":[{"href":"https:\/\/tfogermany.com\/de\/wp-json\/wp\/v2\/media?parent=112"}],"curies":[{"name":"wp","href":"https:\/\/api.w.org\/{rel}","templated":true}]}}