{"id":106,"date":"2021-03-03T13:55:38","date_gmt":"2021-03-03T13:55:38","guid":{"rendered":"http:\/\/tfogermany.com\/de\/?page_id=106"},"modified":"2021-11-29T09:46:41","modified_gmt":"2021-11-29T09:46:41","slug":"kowrinayaki-sasikaran","status":"publish","type":"page","link":"https:\/\/tfogermany.com\/de\/100-grunde\/kowrinayaki-sasikaran\/","title":{"rendered":"Kowrinayaki Sasikaran"},"content":{"rendered":"\n<div class=\"wp-block-group\"><div class=\"wp-block-group__inner-container is-layout-flow wp-block-group-is-layout-flow\">\n<p class=\"has-text-align-center\"><strong>Personendaten<\/strong><\/p>\n\n\n\n<p><strong>Name<\/strong><br>Kowrinayaki Sasikaran<br><br><strong>Geburtsdatum<\/strong><br>1974<br><br><strong>Alter<\/strong><br>34<br><br><strong>Geburtsort<\/strong><br>Kilinochchi<br><br><strong>Wichtige biografische Angaben<\/strong><br>Kowrinayaki Sasikaran war bei ihrer Ermordung 34 Jahre alt. Bei diesem Luftangriff verstarb sie zusammen mit ihren zwei Kindern, Kajeevan Sasikaran, 4 Jahre und Thamilventhan Sasikaran (nur wenige Monate alt).<\/p>\n\n\n\n<p class=\"has-text-align-center\"><strong>Vorfall<\/strong><\/p>\n\n\n\n<p><strong>Tag der Ermordung<\/strong><br>22.02.2008<br><br><strong>Ort<\/strong><br>Kiranchi, Kilinochchi<br><br><strong>Beschreibung<\/strong><br>Am 22.2.2008 bombardierte die\u00a0srilankische\u00a0Luftwaffe\u00a0das Dorf\u00a0Kiranchi\u00a0nahe\u00a0Poonahar\u00a0in\u00a0Kilinochchi.\u00a08 Zivilisten, darunter auch Kowrinayaki Sasikaran, Kajeevan und Thamilventhan Sasikaran, die sich verteilt in\u00a03 H\u00e4user aufhielten,\u00a0kamen bei diesem Luftangriff ums Leben.\u00a0Weitere 12 Menschen wurden mit schweren Verletzungen ins Krankenhaus gebracht. Eine Frau verstarb an den Verletzungen.\u00a0\u00a0 Die\u00a0srilankische\u00a0Armee f\u00fchrte h\u00e4ufig\u00a0Luftangriffe aus, um die tamilischen Gebiete gezielt zu bombardieren. Auf diese Weise wurden zahlreiche Tamilen get\u00f6tet und ihre H\u00e4user und Grundst\u00fccke zerst\u00f6rt.\u00a0Die Luftangriffe versetzten die B\u00fcrger in Angst und Schrecken. Selbst errichtete Bunker nahe den\u00a0eigenen H\u00e4usern mussten als Verstecke\u00a0und Schutzorte dienen.<br><br><strong>Juristische Lage<\/strong><br>Bislang wurden weder der srilankische Staat noch die beteiligten Soldaten f\u00fcr die immensen Menschenrechtsverletzungen zur Rechenschaft gezogen. Bis heute gibt es keine unabh\u00e4ngigen, internationalen Untersuchungen. Stattdessen wurden leitende Offiziere zu h\u00f6heren Posten bef\u00f6rdert.<\/p>\n<\/div><\/div>\n\n\n\n<p><\/p>\n","protected":false},"excerpt":{"rendered":"<p>Personendaten NameKowrinayaki Sasikaran Geburtsdatum1974 Alter34 GeburtsortKilinochchi Wichtige biografische AngabenKowrinayaki Sasikaran war bei ihrer Ermordung 34 Jahre alt. Bei diesem Luftangriff verstarb sie zusammen mit ihren zwei Kindern, Kajeevan Sasikaran, 4 Jahre und Thamilventhan Sasikaran (nur wenige Monate alt). Vorfall Tag der Ermordung22.02.2008 OrtKiranchi, Kilinochchi BeschreibungAm 22.2.2008 bombardierte die\u00a0srilankische\u00a0Luftwaffe\u00a0das Dorf\u00a0Kiranchi\u00a0nahe\u00a0Poonahar\u00a0in\u00a0Kilinochchi.\u00a08 Zivilisten, darunter auch Kowrinayaki Sasikaran, Kajeevan &hellip; <\/p>\n","protected":false},"author":1,"featured_media":76,"parent":8,"menu_order":0,"comment_status":"closed","ping_status":"closed","template":"","meta":{"ngg_post_thumbnail":0,"footnotes":""},"_links":{"self":[{"href":"https:\/\/tfogermany.com\/de\/wp-json\/wp\/v2\/pages\/106"}],"collection":[{"href":"https:\/\/tfogermany.com\/de\/wp-json\/wp\/v2\/pages"}],"about":[{"href":"https:\/\/tfogermany.com\/de\/wp-json\/wp\/v2\/types\/page"}],"author":[{"embeddable":true,"href":"https:\/\/tfogermany.com\/de\/wp-json\/wp\/v2\/users\/1"}],"replies":[{"embeddable":true,"href":"https:\/\/tfogermany.com\/de\/wp-json\/wp\/v2\/comments?post=106"}],"version-history":[{"count":2,"href":"https:\/\/tfogermany.com\/de\/wp-json\/wp\/v2\/pages\/106\/revisions"}],"predecessor-version":[{"id":448,"href":"https:\/\/tfogermany.com\/de\/wp-json\/wp\/v2\/pages\/106\/revisions\/448"}],"up":[{"embeddable":true,"href":"https:\/\/tfogermany.com\/de\/wp-json\/wp\/v2\/pages\/8"}],"wp:featuredmedia":[{"embeddable":true,"href":"https:\/\/tfogermany.com\/de\/wp-json\/wp\/v2\/media\/76"}],"wp:attachment":[{"href":"https:\/\/tfogermany.com\/de\/wp-json\/wp\/v2\/media?parent=106"}],"curies":[{"name":"wp","href":"https:\/\/api.w.org\/{rel}","templated":true}]}}