{"id":102,"date":"2021-03-03T13:47:29","date_gmt":"2021-03-03T13:47:29","guid":{"rendered":"http:\/\/tfogermany.com\/de\/?page_id=102"},"modified":"2021-11-29T11:56:08","modified_gmt":"2021-11-29T11:56:08","slug":"piratheepa-nagaratnam","status":"publish","type":"page","link":"https:\/\/tfogermany.com\/de\/100-grunde\/piratheepa-nagaratnam\/","title":{"rendered":"Piratheepa Nagaratnam"},"content":{"rendered":"\n<div class=\"wp-block-group\"><div class=\"wp-block-group__inner-container is-layout-flow wp-block-group-is-layout-flow\">\n<p class=\"has-text-align-center\"><strong>Personendaten<\/strong><\/p>\n\n\n\n<p><strong>Name<\/strong><br>Piratheepa Nagaratnam<br><br><strong>Geburtsdatum<\/strong><br>1991<br><br><strong>Alter<\/strong><br>16<br><br><strong>Geburtsort<\/strong><br>Mullaithivu<br><br><strong>Wichtige biografische Angaben<\/strong><br>Piratheepa Nagaratnam war Sch\u00fclerin der GTM Schule in Iyankulam. Bei ihrer Ermordung war sie 16 Jahre alt.<\/p>\n\n\n\n<p class=\"has-text-align-center\"><strong>Vorfall<\/strong><\/p>\n\n\n\n<p><strong>Tag der Ermordung<\/strong><br>27.11.2007<br><br><strong>Ort<\/strong><br>Iyankulam, Mullaithivu<br><br><strong>Beschreibung<\/strong><br>Piratheepa Nagaratnam verstarb\u00a0durch eine Minenattacke (claymore\u00a0attack)\u00a0in\u00a0Iyankulam\u00a0Mullaithivu. Das Opfer war Sch\u00fclerin der GTM Schule in\u00a0Iyankulam, der einzigen Schule im Dorf.\u00a0Die\u00a0Oberstufensch\u00fcler\u00a0der GTM Schule\u00a0wurden\u00a0regelm\u00e4\u00dfig\u00a0in Erste-Hilfe-Kursen weitergebildet.\u00a0Mit dieser Ausbildung\u00a0haben\u00a0die Sch\u00fcler das medizinische Personal im nahegelegenen Krankenhaus (Alankulam)\u00a0regelm\u00e4\u00dfig unterst\u00fctzt.\u00a0\u00a0 Am 27.11.2007 waren die Sch\u00fcler in einem Krankenwagen unterwegs, um\u00a0Menschen beim\u00a0Maveerar\u00a0Naal\u00a0bei Bedarf Erste-Hilfe\u00a0zu leisten.\u00a0Dabei fuhr der Krankenwagen \u00fcber eine Mine des srilankischen Milit\u00e4rs. 6 Sch\u00fcler, zwei Ausbilder\u00a0und der Fahrer wurden dabei get\u00f6tet. Nur eine Sch\u00fclerin konnte \u00fcberleben.<br><br><strong>Juristische Lage<\/strong><br>Bislang wurden weder der srilankische Staat noch die beteiligten Soldaten f\u00fcr die immensen Menschenrechtsverletzungen zur Rechenschaft gezogen. Bis heute gibt es keine unabh\u00e4ngigen, internationalen Untersuchungen. Stattdessen wurden leitende Offiziere zu h\u00f6heren Posten bef\u00f6rdert.<\/p>\n<\/div><\/div>\n\n\n\n<p><\/p>\n","protected":false},"excerpt":{"rendered":"<p>Personendaten NamePiratheepa Nagaratnam Geburtsdatum1991 Alter16 GeburtsortMullaithivu Wichtige biografische AngabenPiratheepa Nagaratnam war Sch\u00fclerin der GTM Schule in Iyankulam. Bei ihrer Ermordung war sie 16 Jahre alt. Vorfall Tag der Ermordung27.11.2007 OrtIyankulam, Mullaithivu BeschreibungPiratheepa Nagaratnam verstarb\u00a0durch eine Minenattacke (claymore\u00a0attack)\u00a0in\u00a0Iyankulam\u00a0Mullaithivu. Das Opfer war Sch\u00fclerin der GTM Schule in\u00a0Iyankulam, der einzigen Schule im Dorf.\u00a0Die\u00a0Oberstufensch\u00fcler\u00a0der GTM Schule\u00a0wurden\u00a0regelm\u00e4\u00dfig\u00a0in Erste-Hilfe-Kursen weitergebildet.\u00a0Mit dieser &hellip; <\/p>\n","protected":false},"author":1,"featured_media":76,"parent":8,"menu_order":0,"comment_status":"closed","ping_status":"closed","template":"","meta":{"ngg_post_thumbnail":0,"footnotes":""},"_links":{"self":[{"href":"https:\/\/tfogermany.com\/de\/wp-json\/wp\/v2\/pages\/102"}],"collection":[{"href":"https:\/\/tfogermany.com\/de\/wp-json\/wp\/v2\/pages"}],"about":[{"href":"https:\/\/tfogermany.com\/de\/wp-json\/wp\/v2\/types\/page"}],"author":[{"embeddable":true,"href":"https:\/\/tfogermany.com\/de\/wp-json\/wp\/v2\/users\/1"}],"replies":[{"embeddable":true,"href":"https:\/\/tfogermany.com\/de\/wp-json\/wp\/v2\/comments?post=102"}],"version-history":[{"count":2,"href":"https:\/\/tfogermany.com\/de\/wp-json\/wp\/v2\/pages\/102\/revisions"}],"predecessor-version":[{"id":487,"href":"https:\/\/tfogermany.com\/de\/wp-json\/wp\/v2\/pages\/102\/revisions\/487"}],"up":[{"embeddable":true,"href":"https:\/\/tfogermany.com\/de\/wp-json\/wp\/v2\/pages\/8"}],"wp:featuredmedia":[{"embeddable":true,"href":"https:\/\/tfogermany.com\/de\/wp-json\/wp\/v2\/media\/76"}],"wp:attachment":[{"href":"https:\/\/tfogermany.com\/de\/wp-json\/wp\/v2\/media?parent=102"}],"curies":[{"name":"wp","href":"https:\/\/api.w.org\/{rel}","templated":true}]}}