{"id":10,"date":"2021-03-02T21:34:13","date_gmt":"2021-03-02T21:34:13","guid":{"rendered":"http:\/\/tfogermany.com\/de\/?page_id=10"},"modified":"2021-11-29T07:21:33","modified_gmt":"2021-11-29T07:21:33","slug":"petition","status":"publish","type":"page","link":"https:\/\/tfogermany.com\/de\/petition\/","title":{"rendered":"Petition"},"content":{"rendered":"\n<h2 class=\"wp-block-heading\"><strong>100 Gr\u00fcnde um Rajapaksa zu verurteilen! <\/strong><\/h2>\n\n\n\n<h2 class=\"wp-block-heading\"><strong>100.000 Unterschriften f\u00fcr das Ende femizidaler Politik Sri Lankas<\/strong>!<\/h2>\n\n\n\n<div class=\"wp-block-image\"><figure class=\"alignleft size-medium is-resized\"><img loading=\"lazy\" decoding=\"async\" src=\"https:\/\/tfogermany.com\/de\/wp-content\/uploads\/sites\/3\/2021\/04\/100_reasons_logo2-300x300.jpg\" alt=\"\" class=\"wp-image-350\" width=\"400\" height=\"400\" srcset=\"https:\/\/tfogermany.com\/de\/wp-content\/uploads\/sites\/3\/2021\/04\/100_reasons_logo2-300x300.jpg 300w, https:\/\/tfogermany.com\/de\/wp-content\/uploads\/sites\/3\/2021\/04\/100_reasons_logo2-1024x1024.jpg 1024w, https:\/\/tfogermany.com\/de\/wp-content\/uploads\/sites\/3\/2021\/04\/100_reasons_logo2-150x150.jpg 150w, https:\/\/tfogermany.com\/de\/wp-content\/uploads\/sites\/3\/2021\/04\/100_reasons_logo2-768x768.jpg 768w, https:\/\/tfogermany.com\/de\/wp-content\/uploads\/sites\/3\/2021\/04\/100_reasons_logo2-1536x1536.jpg 1536w, https:\/\/tfogermany.com\/de\/wp-content\/uploads\/sites\/3\/2021\/04\/100_reasons_logo2-2048x2048.jpg 2048w, https:\/\/tfogermany.com\/de\/wp-content\/uploads\/sites\/3\/2021\/04\/100_reasons_logo2-435x435.jpg 435w, https:\/\/tfogermany.com\/de\/wp-content\/uploads\/sites\/3\/2021\/04\/100_reasons_logo2-60x60.jpg 60w\" sizes=\"(max-width: 400px) 100vw, 400px\" \/><\/figure><\/div>\n\n\n\n<p>Rajapaksa und der Staat Sri Lanka m\u00fcssen f\u00fcr ihre femizidale Politik zur Rechenschaft gezogen werden!<\/p>\n\n\n\n<p>Pr\u00e4sident Gotabaya Rajapaksa hat Sri Lanka in ein offenes Gef\u00e4ngnis verwandelt, in ein Regime der Angst mit diktatorischen Methoden.\u00a0 Laut des Berichts der UN-Menschenrechtskommissarin f\u00fcr die 46. Sitzung des UN-Menschenrechtsrats in Genf im Februar und M\u00e4rz 2021 hat sich die Lage der Menschenrechte im Land noch einmal besorgniserregend verschlimmert. Aber schon vorher waren mehr als 146 000 Schicksale von tamilischen Verschwundenen nicht aufgekl\u00e4rt. Die Regierung versucht dies seit dem Genozid an der tamilischen Bev\u00f6lkerung von 2009 zu verhindern. Jetzt hat Pr\u00e4sident Rajapaksa die Verschwundenen kurzerhand f\u00fcr tot erkl\u00e4rt.<\/p>\n\n\n\n<p>Was bislang nicht dokumentiert wurde und auf der internationalen Agenda bis heute fehlt,\u00a0 ist der femizidale Krieg gegen tamilische Frauen!<\/p>\n\n\n\n<p>Zwar hat Sri Lanka historisch die erste Frau als Premierministerin gestellt, sp\u00e4ter auch eine Staatspr\u00e4sidentin. An dem durchgehend patriarchalen Charakter der Gesellschaft hat dies nichts ge\u00e4ndert. Im Gegenteil: Vergewaltigung von tamilischen Frauen geh\u00f6rt zum allt\u00e4glichen \u201eRepertoire\u201c von Armee und Polizei Sri Lankas.<\/p>\n\n\n\n<p>Wie \u00fcberall auf der Welt stellen die tamilischen Frauen auch in Sri Lanka eine bedeutsame Oppositionskraft dar.<\/p>\n\n\n\n<p>Mit der femizidalen Politik des Rajapaksa-Clans und seiner Handlanger werden die wichtigsten Zeuginnen des V\u00f6lkermords am tamilischen Volk zu beseitigen versucht. Dagegen stehen wir, die tamilische Frauenorganisation!<\/p>\n\n\n\n<h2 class=\"wp-block-heading\"><strong>Unsere Forderungen<\/strong><\/h2>\n\n\n\n<p>Die Tatsache, dass Femizid immer noch nicht als Verbrechen gegen die Menschlichkeit anerkannt ist, bedeutet dass Staaten und Diktatoren, die auf Femizid setzen, keine Angst davor haben m\u00fcssen, zur Rechenschaft gezogen zu werden.<br><br> Femizid muss zum Verbrechen gegen die Menschlichkeit erkl\u00e4rt werden, um einen glaubw\u00fcrdigen und effizienten Kampf gegen menschenverachtende Politik und V\u00f6lkermord zu f\u00fchren.<br><br>Mit dieser Kampagne wollen wir die femizidale Politik Sri Lankas aufdecken und die Aufmerksamkeit auf sie lenken. Wir wollen Gerechtigkeit schaffen und fordern die strafrechtliche Verfolgung der Kriegsverbrecher Sri Lankas. Um das Ausma\u00df und die Grausamkeit des Femizids an tamilischen Frauen zu verdeutlichen und um zu gedenken, haben wir exemplarisch die Lebensgeschichten und die Umst\u00e4nde ihrer Ermordung von 100 Frauen recherchiert und aufgef\u00fchrt. <\/p>\n\n\n\n<p> Wir wollen die Stimme aller Frauen in der Welt sein, die Gewalt ausgesetzt sind und auf alle an Frauen begangenen staatlichen Verbrechen aufmerksam machen. <br><br>Wir wollen die Gewalt gegen Frauen beenden!<\/p>\n\n\n\n<p><br>Unterst\u00fctzen Sie unsere Forderungen mit Ihrer Unterschrift. Schluss mit dem Femizid in Sri Lanka und \u00fcberall!<\/p>\n\n\n<div class=\"civist-oembed-wrapper-10\"><div id=\"civist-16d632fa-910f-4ea5-9646-419d57cc254e\" style=\"max-width: 1020px;\">\t<script type=\"text\/javascript\">\t\tvar _civist = _civist || [];\t\t_civist.push(['civist-16d632fa-910f-4ea5-9646-419d57cc254e', 'https:\/\/widget.civist.cloud\/?api_url=https%3A%2F%2Fapi.civist.cloud%2Ft%2F1854ef1f-25d9-4250-b482-255b3bcac09d%2F#\/RW1iZWRkaW5nOjcwYWYzZTdlLTIwYjYtNDM0OC1hZGVlLWQ4ZGM4ODk1ZTQ3Mg==']);\t\tif (_civist.length === 1) {\t\t\t(function() {\t\t\t\tvar d = document; var s = d.createElement(\"script\");\t\t\t\ts.type = \"text\/javascript\";\t\t\t\ts.async = true;\t\t\t\ts.src = \"https:\/\/widget.civist.cloud\/embed.js\";\t\t\t\td.body.appendChild(s);\t\t\t})();\t\t}\t<\/script>\t<noscript style=\"display: block;\">\t\t<span lang=\"en\" style=\"\t\t\ttext-align: center;\t\t\tfont-family: sans-serif;\t\t\tcolor: #222;\t\t\tbackground-color: #eee;\t\t\tborder: 1px solid #ddd;\t\t\tborder-radius: 2px;\t\t\tpadding: 20px;\t\t\tdisplay: block;\t\t\">\t\t\t<span style=\"\t\t\t\ttext-align: center;\t\t\t\tfont-family: sans-serif;\t\t\t\tfont-size: 20px;\t\t\t\tfont-weight: bold;\t\t\t\tmargin-top: 24px;\t\t\t\tmargin-bottom: 24px;\t\t\t\tpadding-bottom: 10px;\t\t\t\tborder-bottom: 1px solid #aaa;\t\t\t\tdisplay: block;\t\t\t\">JavaScript required<\/span>\t\t\t<span style=\"\t\t\t\ttext-align: center;\t\t\t\tfont-family: sans-serif;\t\t\t\tfont-size: 14px;\t\t\t\tfont-weight: regular;\t\t\t\tmargin-bottom: 10px;\t\t\t\tdisplay: block;\t\t\t\">\t\t\t\tWe are sorry but without JavaScript enabled, this widget does not work.\t\t\t\tPlease enable JavaScript in your browser's settings and reload this page.\t\t\t<\/span>\t\t\t<a href=\"\" style=\"\t\t\t\tcolor: #fff;\t\t\t\tbackground-color: #2196f3;\t\t\t\tfont-size: 14px;\t\t\t\ttext-decoration: none !important;\t\t\t\ttext-transform: uppercase;\t\t\t\tpadding: 10px 25px;\t\t\t\tdisplay: inline-block;\t\t\t\tmargin-top: 10px;\t\t\t\tborder: 0;\t\t\t\tborder-radius: 2px;\t\t\t\">Reload<\/a>\t\t<\/span>\t<\/noscript><\/div><\/div><script type='text\/javascript'>  var origin = 'https:\/\/widget.civist.cloud\/';  origin = origin.slice(0, -1);  var handleEmbedPostMessage = function(embedContainer) {    window.addEventListener('message', function(msg) {      if(msg.origin !== origin || msg.data !== 'ready') {        return;      }      embedContainer.querySelector('iframe').contentWindow.postMessage({        permalink:'https:\/\/tfogermany.com\/de\/petition\/',        referrer: window.location.href      },'https:\/\/widget.civist.cloud\/')    });  };  var handleEmbed = function(embedContainer) {    embedContainer.setAttribute('data-permalink', 'https:\/\/tfogermany.com\/de\/petition\/');    embedContainer.setAttribute('data-mode', 'default');  };  var embedsThemeId = document.querySelectorAll('#post-10 [id^=civist]');  var embedsInternalClass = document.querySelectorAll('.civist-oembed-wrapper-10 [id^=civist]');  [].forEach.call(embedsThemeId, handleEmbedPostMessage);  [].forEach.call(embedsInternalClass, handleEmbedPostMessage);  [].forEach.call(embedsThemeId, handleEmbed);  [].forEach.call(embedsInternalClass, handleEmbed);<\/script>\n","protected":false},"excerpt":{"rendered":"<p>100 Gr\u00fcnde um Rajapaksa zu verurteilen! 100.000 Unterschriften f\u00fcr das Ende femizidaler Politik Sri Lankas! Rajapaksa und der Staat Sri Lanka m\u00fcssen f\u00fcr ihre femizidale Politik zur Rechenschaft gezogen werden! Pr\u00e4sident Gotabaya Rajapaksa hat Sri Lanka in ein offenes Gef\u00e4ngnis verwandelt, in ein Regime der Angst mit diktatorischen Methoden.\u00a0 Laut des Berichts der UN-Menschenrechtskommissarin f\u00fcr &hellip; <\/p>\n","protected":false},"author":1,"featured_media":0,"parent":0,"menu_order":0,"comment_status":"closed","ping_status":"closed","template":"","meta":{"ngg_post_thumbnail":0,"footnotes":""},"_links":{"self":[{"href":"https:\/\/tfogermany.com\/de\/wp-json\/wp\/v2\/pages\/10"}],"collection":[{"href":"https:\/\/tfogermany.com\/de\/wp-json\/wp\/v2\/pages"}],"about":[{"href":"https:\/\/tfogermany.com\/de\/wp-json\/wp\/v2\/types\/page"}],"author":[{"embeddable":true,"href":"https:\/\/tfogermany.com\/de\/wp-json\/wp\/v2\/users\/1"}],"replies":[{"embeddable":true,"href":"https:\/\/tfogermany.com\/de\/wp-json\/wp\/v2\/comments?post=10"}],"version-history":[{"count":7,"href":"https:\/\/tfogermany.com\/de\/wp-json\/wp\/v2\/pages\/10\/revisions"}],"predecessor-version":[{"id":387,"href":"https:\/\/tfogermany.com\/de\/wp-json\/wp\/v2\/pages\/10\/revisions\/387"}],"wp:attachment":[{"href":"https:\/\/tfogermany.com\/de\/wp-json\/wp\/v2\/media?parent=10"}],"curies":[{"name":"wp","href":"https:\/\/api.w.org\/{rel}","templated":true}]}}